{"id":2329,"date":"2022-08-04T14:52:08","date_gmt":"2022-08-04T14:52:08","guid":{"rendered":"https:\/\/mpci.gov.gn\/?page_id=2329"},"modified":"2026-03-09T16:34:54","modified_gmt":"2026-03-09T16:34:54","slug":"mission-et-attributions","status":"publish","type":"page","link":"https:\/\/mpcid.gov.gn\/index.php\/mission-et-attributions\/","title":{"rendered":"Les Missions et Attributions"},"content":{"rendered":"\t\t<div data-elementor-type=\"wp-page\" data-elementor-id=\"2329\" class=\"elementor elementor-2329\" data-elementor-post-type=\"page\">\n\t\t\t\t\t\t<section class=\"elementor-section elementor-top-section elementor-element elementor-element-9ae731a elementor-section-boxed elementor-section-height-default elementor-section-height-default\" data-id=\"9ae731a\" data-element_type=\"section\" data-e-type=\"section\" data-settings=\"{&quot;background_background&quot;:&quot;classic&quot;}\">\n\t\t\t\t\t\t<div class=\"elementor-container elementor-column-gap-default\">\n\t\t\t\t\t<div class=\"elementor-column elementor-col-100 elementor-top-column elementor-element elementor-element-08bbd52\" data-id=\"08bbd52\" data-element_type=\"column\" data-e-type=\"column\">\n\t\t\t<div class=\"elementor-widget-wrap elementor-element-populated\">\n\t\t\t\t\t\t<div class=\"elementor-element elementor-element-bb09d59 elementor-widget elementor-widget-heading\" data-id=\"bb09d59\" data-element_type=\"widget\" data-e-type=\"widget\" data-widget_type=\"heading.default\">\n\t\t\t\t<div class=\"elementor-widget-container\">\n\t\t\t\t\t<h2 class=\"elementor-heading-title elementor-size-default\">Missions et Attributions du Minist\u00e8re<\/h2>\t\t\t\t<\/div>\n\t\t\t\t<\/div>\n\t\t\t\t\t<\/div>\n\t\t<\/div>\n\t\t\t\t\t<\/div>\n\t\t<\/section>\n\t\t\t\t<section class=\"elementor-section elementor-top-section elementor-element elementor-element-c1c4092 elementor-section-boxed elementor-section-height-default elementor-section-height-default\" data-id=\"c1c4092\" data-element_type=\"section\" data-e-type=\"section\" data-settings=\"{&quot;background_background&quot;:&quot;classic&quot;}\">\n\t\t\t\t\t\t<div class=\"elementor-container elementor-column-gap-default\">\n\t\t\t\t\t<div class=\"elementor-column elementor-col-66 elementor-top-column elementor-element elementor-element-c85dbbf\" data-id=\"c85dbbf\" data-element_type=\"column\" data-e-type=\"column\">\n\t\t\t<div class=\"elementor-widget-wrap elementor-element-populated\">\n\t\t\t\t\t\t<div class=\"elementor-element elementor-element-3c0cdd8 elementor-widget elementor-widget-text-editor\" data-id=\"3c0cdd8\" data-element_type=\"widget\" data-e-type=\"widget\" data-widget_type=\"text-editor.default\">\n\t\t\t\t<div class=\"elementor-widget-container\">\n\t\t\t\t\t\t\t\t\t<p>Le Minist\u00e8re du Plan, de la Coop\u00e9ration Internationale et du D\u00e9veloppement a pour mission, la conception, l\u2019\u00e9laboration et la mise en \u0153uvre de la politique du Gouvernement dans les domaines de la Planification du d\u00e9veloppement \u00e9conomique et sociale, de la Coop\u00e9ration Internationale et d\u2019en assurer le suivi.<\/p>\n<p>A ce titre, il est particuli\u00e8rement charg\u00e9 :<\/p>\n<ul>\n<li>D\u2019\u00e9laborer les textes l\u00e9gislatifs et r\u00e8glementaires relatifs au plan et \u00e0 la coop\u00e9ration internationale et de veiller \u00e0 leur application<\/li>\n<li>D\u2019\u00e9laborer les plans de d\u00e9veloppement \u00e9conomique, social et culturel et d\u2019en assurer le suivi et l\u2019\u00e9valuation ;<\/li>\n<li>D\u2019\u00e9laborer les sch\u00e9mas r\u00e9gionaux d\u2019am\u00e9nagement et de d\u00e9veloppement ;<\/li>\n<li>D\u2019\u00e9laborer le cadrage macro\u00e9conomique ;<\/li>\n<li>De participer aux n\u00e9gociations et ren\u00e9gociations avec les partenaires au d\u00e9veloppement ;<\/li>\n<li>D\u2019\u00e9laborer et de mettre en \u0153uvre la politique du Gouvernement en mati\u00e8re de production et de diffusion des informations statistiques ;<\/li>\n<li>De veiller \u00e0 la planification et \u00e0 l\u2019ex\u00e9cution des recensements et des enqu\u00eates nationaux ;<\/li>\n<li>D\u2019\u00e9laborer et faire la mise \u00e0 jour de l\u2019atlas info-g\u00e9ographique de la Guin\u00e9e;<\/li>\n<li>D\u2019\u00e9laborer et d\u2019assurer le suivi de la mise en \u0153uvre de la politique nationale de population ;<\/li>\n<li>D\u2019assurer la traduction en politique nationale de d\u00e9veloppement, les objectifs de l\u2019Agenda 2063 de l\u2019Union Africaine ;<\/li>\n<li>D\u2019assurer le suivi des Objectifs de D\u00e9veloppement Durable \u00e0 l\u2019horizon 2030;<\/li>\n<li>De participer \u00e0 l\u2019\u00e9laboration des politiques publiques ;<\/li>\n<li>De participer \u00e0 la d\u00e9finition de la politique budg\u00e9taire ;<\/li>\n<li>De participer \u00e0 l\u2019\u00e9laboration des Lois de Finances ;<\/li>\n<li>D\u2019assurer la coordination des aides ext\u00e9rieures et de veiller \u00e0 leur bonne utilisation en rapport avec les D\u00e9partements sectoriels concern\u00e9s ;<\/li>\n<li>D\u2019assurer la fonction d\u2019ordonnateur national de l\u2019instrument financier post-Cotonou de l\u2019Union Europ\u00e9enne ;<\/li>\n<li>De participer \u00e0 la mise en place des programmes d\u2019aides budg\u00e9taires et d\u2019en assurer le suivi ;<\/li>\n<li>De participer au suivi des engagements des r\u00e9unions du Groupe consultatif et d\u2019autres m\u00e9canismes de mobilisation des ressources ext\u00e9rieures ;<\/li>\n<li>D\u2019assurer le suivi des paiements des fonds de contrepartie dus aux partenaires bilat\u00e9raux et multilat\u00e9raux, en collaboration avec les D\u00e9partements concern\u00e9s ;<\/li>\n<li>De participer aux rencontres nationales, sous-r\u00e9gionales, r\u00e9gionales, et internationales traitant des questions de coop\u00e9ration ;<\/li>\n<li>De promouvoir la coop\u00e9ration Sud-Sud et triangulaire et de soutenir les institutions de coop\u00e9ration Sud-Sud ayant leur si\u00e8ge en R\u00e9publique de Guin\u00e9e ;<\/li>\n<li>De contribuer \u00e0 la mobilisation des ressources ext\u00e9rieures pour le financement des projets et programmes de d\u00e9veloppement ;<\/li>\n<li>D\u2019assurer la mise en \u0153uvre des relations de coop\u00e9ration technique, culturelle et scientifique avec les pays et institutions partenaires de la Guin\u00e9e, en collaboration avec le Minist\u00e8re en charge des Affaires Etrang\u00e8res ;<\/li>\n<li>De prendre en compte la dimension environnementale dans les programmes et projets du Minist\u00e8re ;<\/li>\n<li>De promouvoir le genre et l\u2019\u00e9quit\u00e9 dans les activit\u00e9s du Minist\u00e8re.<\/li>\n<\/ul>\t\t\t\t\t\t\t\t<\/div>\n\t\t\t\t<\/div>\n\t\t\t\t<div class=\"elementor-element elementor-element-9a518f3 elementor-widget elementor-widget-spacer\" data-id=\"9a518f3\" data-element_type=\"widget\" data-e-type=\"widget\" data-widget_type=\"spacer.default\">\n\t\t\t\t<div class=\"elementor-widget-container\">\n\t\t\t\t\t\t\t<div class=\"elementor-spacer\">\n\t\t\t<div class=\"elementor-spacer-inner\"><\/div>\n\t\t<\/div>\n\t\t\t\t\t\t<\/div>\n\t\t\t\t<\/div>\n\t\t\t\t\t<\/div>\n\t\t<\/div>\n\t\t\t\t<div class=\"elementor-column elementor-col-33 elementor-top-column elementor-element elementor-element-1b53ef9\" data-id=\"1b53ef9\" data-element_type=\"column\" data-e-type=\"column\">\n\t\t\t<div class=\"elementor-widget-wrap elementor-element-populated\">\n\t\t\t\t\t\t<div class=\"elementor-element elementor-element-6c8ddc8 elementor-nav-menu--dropdown-tablet elementor-nav-menu__text-align-aside elementor-nav-menu--toggle elementor-nav-menu--burger elementor-widget elementor-widget-global elementor-global-7667 elementor-widget-nav-menu\" data-id=\"6c8ddc8\" data-element_type=\"widget\" data-e-type=\"widget\" data-settings=\"{&quot;layout&quot;:&quot;vertical&quot;,&quot;submenu_icon&quot;:{&quot;value&quot;:&quot;fas fa-caret-down&quot;,&quot;library&quot;:&quot;fa-solid&quot;},&quot;toggle&quot;:&quot;burger&quot;}\" data-widget_type=\"nav-menu.default\">\n\t\t\t\t<div class=\"elementor-widget-container\">\n\t\t\t\t\t\t\t\t<nav aria-label=\"Menu\" class=\"elementor-nav-menu--main elementor-nav-menu__container elementor-nav-menu--layout-vertical e--pointer-underline e--animation-fade\">\r\n\t\t\t\t<ul id=\"menu-1-6c8ddc8\" class=\"elementor-nav-menu sm-vertical\"><li class=\"menu-item menu-item-type-post_type menu-item-object-page menu-item-7420\"><a href=\"https:\/\/mpcid.gov.gn\/index.php\/mission-et-attributions\/\" class=\"elementor-item\">Les Missions et Attributions<\/a><\/li>\n<li class=\"menu-item menu-item-type-post_type menu-item-object-page menu-item-7422\"><a href=\"https:\/\/mpcid.gov.gn\/index.php\/mot-du-ministre\/\" class=\"elementor-item\">La Ministre<\/a><\/li>\n<li class=\"menu-item menu-item-type-post_type menu-item-object-page menu-item-7426\"><a href=\"https:\/\/mpcid.gov.gn\/index.php\/ancien-ministre\/\" class=\"elementor-item\">Les Anciens ministres<\/a><\/li>\n<li class=\"menu-item menu-item-type-post_type menu-item-object-page menu-item-7428\"><a href=\"https:\/\/mpcid.gov.gn\/index.php\/organigramme\/\" class=\"elementor-item\">L\u2019Organigramme<\/a><\/li>\n<li class=\"menu-item menu-item-type-post_type menu-item-object-page menu-item-7429\"><a href=\"https:\/\/mpcid.gov.gn\/index.php\/les-directions-et-services\/\" class=\"elementor-item\">Les Directions et services<\/a><\/li>\n<\/ul>\t\t\t<\/nav>\r\n\t\t\t\t\t<div class=\"elementor-menu-toggle\" role=\"button\" tabindex=\"0\" aria-label=\"Permuter le menu\" aria-expanded=\"false\">\r\n\t\t\t<svg aria-hidden=\"true\" role=\"presentation\" class=\"elementor-menu-toggle__icon--open e-font-icon-svg e-eicon-menu-bar\" viewBox=\"0 0 1000 1000\" xmlns=\"http:\/\/www.w3.org\/2000\/svg\"><path d=\"M104 333H896C929 333 958 304 958 271S929 208 896 208H104C71 208 42 237 42 271S71 333 104 333ZM104 583H896C929 583 958 554 958 521S929 458 896 458H104C71 458 42 487 42 521S71 583 104 583ZM104 833H896C929 833 958 804 958 771S929 708 896 708H104C71 708 42 737 42 771S71 833 104 833Z\"><\/path><\/svg><svg aria-hidden=\"true\" role=\"presentation\" class=\"elementor-menu-toggle__icon--close e-font-icon-svg e-eicon-close\" viewBox=\"0 0 1000 1000\" xmlns=\"http:\/\/www.w3.org\/2000\/svg\"><path d=\"M742 167L500 408 258 167C246 154 233 150 217 150 196 150 179 158 167 167 154 179 150 196 150 212 150 229 154 242 171 254L408 500 167 742C138 771 138 800 167 829 196 858 225 858 254 829L496 587 738 829C750 842 767 846 783 846 800 846 817 842 829 829 842 817 846 804 846 783 846 767 842 750 829 737L588 500 833 258C863 229 863 200 833 171 804 137 775 137 742 167Z\"><\/path><\/svg>\t\t<\/div>\r\n\t\t\t\t\t<nav class=\"elementor-nav-menu--dropdown elementor-nav-menu__container\" aria-hidden=\"true\">\r\n\t\t\t\t<ul id=\"menu-2-6c8ddc8\" class=\"elementor-nav-menu sm-vertical\"><li class=\"menu-item menu-item-type-post_type menu-item-object-page menu-item-7420\"><a href=\"https:\/\/mpcid.gov.gn\/index.php\/mission-et-attributions\/\" class=\"elementor-item\" tabindex=\"-1\">Les Missions et Attributions<\/a><\/li>\n<li class=\"menu-item menu-item-type-post_type menu-item-object-page menu-item-7422\"><a href=\"https:\/\/mpcid.gov.gn\/index.php\/mot-du-ministre\/\" class=\"elementor-item\" tabindex=\"-1\">La Ministre<\/a><\/li>\n<li class=\"menu-item menu-item-type-post_type menu-item-object-page menu-item-7426\"><a href=\"https:\/\/mpcid.gov.gn\/index.php\/ancien-ministre\/\" class=\"elementor-item\" tabindex=\"-1\">Les Anciens ministres<\/a><\/li>\n<li class=\"menu-item menu-item-type-post_type menu-item-object-page menu-item-7428\"><a href=\"https:\/\/mpcid.gov.gn\/index.php\/organigramme\/\" class=\"elementor-item\" tabindex=\"-1\">L\u2019Organigramme<\/a><\/li>\n<li class=\"menu-item menu-item-type-post_type menu-item-object-page menu-item-7429\"><a href=\"https:\/\/mpcid.gov.gn\/index.php\/les-directions-et-services\/\" class=\"elementor-item\" tabindex=\"-1\">Les Directions et services<\/a><\/li>\n<\/ul>\t\t\t<\/nav>\r\n\t\t\t\t\t\t<\/div>\n\t\t\t\t<\/div>\n\t\t\t\t\t<\/div>\n\t\t<\/div>\n\t\t\t\t\t<\/div>\n\t\t<\/section>\n\t\t\t\t<\/div>\n\t\t","protected":false},"excerpt":{"rendered":"<p>Missions et Attributions du Minist\u00e8re Le Minist\u00e8re du Plan, de la Coop\u00e9ration Internationale et du D\u00e9veloppement a pour mission, la conception, l\u2019\u00e9laboration et la mise en \u0153uvre de la politique du Gouvernement dans les domaines de la Planification du d\u00e9veloppement \u00e9conomique et sociale, de la Coop\u00e9ration Internationale et d\u2019en assurer le suivi. A ce titre, &hellip; <a href=\"https:\/\/mpcid.gov.gn\/index.php\/mission-et-attributions\/\" class=\"more-link\">Continue reading<span class=\"screen-reader-text\"> \u00ab\u00a0Les Missions et Attributions\u00a0\u00bb<\/span><\/a><\/p>\n","protected":false},"author":6,"featured_media":0,"parent":0,"menu_order":0,"comment_status":"closed","ping_status":"closed","template":"elementor_header_footer","meta":{"footnotes":""},"class_list":["post-2329","page","type-page","status-publish","hentry"],"yoast_head":"<!-- This site is optimized with the Yoast SEO plugin v27.4 - https:\/\/yoast.com\/product\/yoast-seo-wordpress\/ -->\n<title>Les Missions et Attributions - MPCI<\/title>\n<meta name=\"robots\" content=\"index, follow, max-snippet:-1, max-image-preview:large, max-video-preview:-1\" \/>\n<link rel=\"canonical\" href=\"https:\/\/mpcid.gov.gn\/index.php\/mission-et-attributions\/\" \/>\n<meta property=\"og:locale\" content=\"fr_FR\" \/>\n<meta property=\"og:type\" content=\"article\" \/>\n<meta property=\"og:title\" content=\"Les Missions et Attributions - MPCI\" \/>\n<meta property=\"og:description\" content=\"Missions et Attributions du Minist\u00e8re Le Minist\u00e8re du Plan, de la Coop\u00e9ration Internationale et du D\u00e9veloppement a pour mission, la conception, l\u2019\u00e9laboration et la mise en \u0153uvre de la politique du Gouvernement dans les domaines de la Planification du d\u00e9veloppement \u00e9conomique et sociale, de la Coop\u00e9ration Internationale et d\u2019en assurer le suivi. A ce titre, &hellip; Continue reading &quot;Les Missions et Attributions&quot;\" \/>\n<meta property=\"og:url\" content=\"https:\/\/mpcid.gov.gn\/index.php\/mission-et-attributions\/\" \/>\n<meta property=\"og:site_name\" content=\"MPCI\" \/>\n<meta property=\"article:publisher\" content=\"https:\/\/www.facebook.com\/MPCIGN\" \/>\n<meta property=\"article:modified_time\" content=\"2026-03-09T16:34:54+00:00\" \/>\n<meta name=\"twitter:card\" content=\"summary_large_image\" \/>\n<meta name=\"twitter:site\" content=\"@MpciGov\" \/>\n<meta name=\"twitter:label1\" content=\"Dur\u00e9e de lecture estim\u00e9e\" \/>\n\t<meta name=\"twitter:data1\" content=\"3 minutes\" \/>\n<script type=\"application\/ld+json\" class=\"yoast-schema-graph\">{\"@context\":\"https:\\\/\\\/schema.org\",\"@graph\":[{\"@type\":\"WebPage\",\"@id\":\"https:\\\/\\\/mpcid.gov.gn\\\/index.php\\\/mission-et-attributions\\\/\",\"url\":\"https:\\\/\\\/mpcid.gov.gn\\\/index.php\\\/mission-et-attributions\\\/\",\"name\":\"Les Missions et Attributions - MPCI\",\"isPartOf\":{\"@id\":\"https:\\\/\\\/mpcid.gov.gn\\\/#website\"},\"datePublished\":\"2022-08-04T14:52:08+00:00\",\"dateModified\":\"2026-03-09T16:34:54+00:00\",\"breadcrumb\":{\"@id\":\"https:\\\/\\\/mpcid.gov.gn\\\/index.php\\\/mission-et-attributions\\\/#breadcrumb\"},\"inLanguage\":\"fr-FR\",\"potentialAction\":[{\"@type\":\"ReadAction\",\"target\":[\"https:\\\/\\\/mpcid.gov.gn\\\/index.php\\\/mission-et-attributions\\\/\"]}]},{\"@type\":\"BreadcrumbList\",\"@id\":\"https:\\\/\\\/mpcid.gov.gn\\\/index.php\\\/mission-et-attributions\\\/#breadcrumb\",\"itemListElement\":[{\"@type\":\"ListItem\",\"position\":1,\"name\":\"Accueil\",\"item\":\"https:\\\/\\\/mpcid.gov.gn\\\/\"},{\"@type\":\"ListItem\",\"position\":2,\"name\":\"Les Missions et Attributions\"}]},{\"@type\":\"WebSite\",\"@id\":\"https:\\\/\\\/mpcid.gov.gn\\\/#website\",\"url\":\"https:\\\/\\\/mpcid.gov.gn\\\/\",\"name\":\"https:\\\/\\\/mpcid.gov.gn\\\/\",\"description\":\"Minist\u00e8re du Plan et de la Coop\u00e9ration Internationale\",\"publisher\":{\"@id\":\"https:\\\/\\\/mpcid.gov.gn\\\/#organization\"},\"potentialAction\":[{\"@type\":\"SearchAction\",\"target\":{\"@type\":\"EntryPoint\",\"urlTemplate\":\"https:\\\/\\\/mpcid.gov.gn\\\/?s={search_term_string}\"},\"query-input\":{\"@type\":\"PropertyValueSpecification\",\"valueRequired\":true,\"valueName\":\"search_term_string\"}}],\"inLanguage\":\"fr-FR\"},{\"@type\":\"Organization\",\"@id\":\"https:\\\/\\\/mpcid.gov.gn\\\/#organization\",\"name\":\"Minist\u00e8re du Plan et de la Coop\u00e9ration Internationale - MPCI\",\"url\":\"https:\\\/\\\/mpcid.gov.gn\\\/\",\"logo\":{\"@type\":\"ImageObject\",\"inLanguage\":\"fr-FR\",\"@id\":\"https:\\\/\\\/mpcid.gov.gn\\\/#\\\/schema\\\/logo\\\/image\\\/\",\"url\":\"https:\\\/\\\/mpcid.gov.gn\\\/wp-content\\\/uploads\\\/2023\\\/10\\\/Ministere-du-Plan-et-de-la-Cooperation-Internationale-MPCI.jpg\",\"contentUrl\":\"https:\\\/\\\/mpcid.gov.gn\\\/wp-content\\\/uploads\\\/2023\\\/10\\\/Ministere-du-Plan-et-de-la-Cooperation-Internationale-MPCI.jpg\",\"width\":462,\"height\":462,\"caption\":\"Minist\u00e8re du Plan et de la Coop\u00e9ration Internationale - MPCI\"},\"image\":{\"@id\":\"https:\\\/\\\/mpcid.gov.gn\\\/#\\\/schema\\\/logo\\\/image\\\/\"},\"sameAs\":[\"https:\\\/\\\/www.facebook.com\\\/MPCIGN\",\"https:\\\/\\\/x.com\\\/MpciGov\"]}]}<\/script>\n<!-- \/ Yoast SEO plugin. -->","yoast_head_json":{"title":"Les Missions et Attributions - MPCI","robots":{"index":"index","follow":"follow","max-snippet":"max-snippet:-1","max-image-preview":"max-image-preview:large","max-video-preview":"max-video-preview:-1"},"canonical":"https:\/\/mpcid.gov.gn\/index.php\/mission-et-attributions\/","og_locale":"fr_FR","og_type":"article","og_title":"Les Missions et Attributions - MPCI","og_description":"Missions et Attributions du Minist\u00e8re Le Minist\u00e8re du Plan, de la Coop\u00e9ration Internationale et du D\u00e9veloppement a pour mission, la conception, l\u2019\u00e9laboration et la mise en \u0153uvre de la politique du Gouvernement dans les domaines de la Planification du d\u00e9veloppement \u00e9conomique et sociale, de la Coop\u00e9ration Internationale et d\u2019en assurer le suivi. A ce titre, &hellip; Continue reading \"Les Missions et Attributions\"","og_url":"https:\/\/mpcid.gov.gn\/index.php\/mission-et-attributions\/","og_site_name":"MPCI","article_publisher":"https:\/\/www.facebook.com\/MPCIGN","article_modified_time":"2026-03-09T16:34:54+00:00","twitter_card":"summary_large_image","twitter_site":"@MpciGov","twitter_misc":{"Dur\u00e9e de lecture estim\u00e9e":"3 minutes"},"schema":{"@context":"https:\/\/schema.org","@graph":[{"@type":"WebPage","@id":"https:\/\/mpcid.gov.gn\/index.php\/mission-et-attributions\/","url":"https:\/\/mpcid.gov.gn\/index.php\/mission-et-attributions\/","name":"Les Missions et Attributions - MPCI","isPartOf":{"@id":"https:\/\/mpcid.gov.gn\/#website"},"datePublished":"2022-08-04T14:52:08+00:00","dateModified":"2026-03-09T16:34:54+00:00","breadcrumb":{"@id":"https:\/\/mpcid.gov.gn\/index.php\/mission-et-attributions\/#breadcrumb"},"inLanguage":"fr-FR","potentialAction":[{"@type":"ReadAction","target":["https:\/\/mpcid.gov.gn\/index.php\/mission-et-attributions\/"]}]},{"@type":"BreadcrumbList","@id":"https:\/\/mpcid.gov.gn\/index.php\/mission-et-attributions\/#breadcrumb","itemListElement":[{"@type":"ListItem","position":1,"name":"Accueil","item":"https:\/\/mpcid.gov.gn\/"},{"@type":"ListItem","position":2,"name":"Les Missions et Attributions"}]},{"@type":"WebSite","@id":"https:\/\/mpcid.gov.gn\/#website","url":"https:\/\/mpcid.gov.gn\/","name":"https:\/\/mpcid.gov.gn\/","description":"Minist\u00e8re du Plan et de la Coop\u00e9ration Internationale","publisher":{"@id":"https:\/\/mpcid.gov.gn\/#organization"},"potentialAction":[{"@type":"SearchAction","target":{"@type":"EntryPoint","urlTemplate":"https:\/\/mpcid.gov.gn\/?s={search_term_string}"},"query-input":{"@type":"PropertyValueSpecification","valueRequired":true,"valueName":"search_term_string"}}],"inLanguage":"fr-FR"},{"@type":"Organization","@id":"https:\/\/mpcid.gov.gn\/#organization","name":"Minist\u00e8re du Plan et de la Coop\u00e9ration Internationale - MPCI","url":"https:\/\/mpcid.gov.gn\/","logo":{"@type":"ImageObject","inLanguage":"fr-FR","@id":"https:\/\/mpcid.gov.gn\/#\/schema\/logo\/image\/","url":"https:\/\/mpcid.gov.gn\/wp-content\/uploads\/2023\/10\/Ministere-du-Plan-et-de-la-Cooperation-Internationale-MPCI.jpg","contentUrl":"https:\/\/mpcid.gov.gn\/wp-content\/uploads\/2023\/10\/Ministere-du-Plan-et-de-la-Cooperation-Internationale-MPCI.jpg","width":462,"height":462,"caption":"Minist\u00e8re du Plan et de la Coop\u00e9ration Internationale - MPCI"},"image":{"@id":"https:\/\/mpcid.gov.gn\/#\/schema\/logo\/image\/"},"sameAs":["https:\/\/www.facebook.com\/MPCIGN","https:\/\/x.com\/MpciGov"]}]}},"_links":{"self":[{"href":"https:\/\/mpcid.gov.gn\/index.php\/wp-json\/wp\/v2\/pages\/2329","targetHints":{"allow":["GET"]}}],"collection":[{"href":"https:\/\/mpcid.gov.gn\/index.php\/wp-json\/wp\/v2\/pages"}],"about":[{"href":"https:\/\/mpcid.gov.gn\/index.php\/wp-json\/wp\/v2\/types\/page"}],"author":[{"embeddable":true,"href":"https:\/\/mpcid.gov.gn\/index.php\/wp-json\/wp\/v2\/users\/6"}],"replies":[{"embeddable":true,"href":"https:\/\/mpcid.gov.gn\/index.php\/wp-json\/wp\/v2\/comments?post=2329"}],"version-history":[{"count":0,"href":"https:\/\/mpcid.gov.gn\/index.php\/wp-json\/wp\/v2\/pages\/2329\/revisions"}],"wp:attachment":[{"href":"https:\/\/mpcid.gov.gn\/index.php\/wp-json\/wp\/v2\/media?parent=2329"}],"curies":[{"name":"wp","href":"https:\/\/api.w.org\/{rel}","templated":true}]}}