{"id":2283,"date":"2022-08-04T14:12:34","date_gmt":"2022-08-04T14:12:34","guid":{"rendered":"https:\/\/mpci.gov.gn\/?page_id=2283"},"modified":"2026-03-09T16:34:24","modified_gmt":"2026-03-09T16:34:24","slug":"mot-du-ministre","status":"publish","type":"page","link":"https:\/\/mpcid.gov.gn\/index.php\/mot-du-ministre\/","title":{"rendered":"Mot du Ministre"},"content":{"rendered":"\t\t<div data-elementor-type=\"wp-page\" data-elementor-id=\"2283\" class=\"elementor elementor-2283\" data-elementor-post-type=\"page\">\n\t\t\t\t\t\t<section class=\"elementor-section elementor-top-section elementor-element elementor-element-21cdf85 elementor-section-boxed elementor-section-height-default elementor-section-height-default\" data-id=\"21cdf85\" data-element_type=\"section\" data-e-type=\"section\" data-settings=\"{&quot;background_background&quot;:&quot;gradient&quot;}\">\n\t\t\t\t\t\t<div class=\"elementor-container elementor-column-gap-default\">\n\t\t\t\t\t<div class=\"elementor-column elementor-col-50 elementor-top-column elementor-element elementor-element-e2d0282\" data-id=\"e2d0282\" data-element_type=\"column\" data-e-type=\"column\">\n\t\t\t<div class=\"elementor-widget-wrap elementor-element-populated\">\n\t\t\t\t\t\t<div class=\"elementor-element elementor-element-9c8179a elementor-widget elementor-widget-spacer\" data-id=\"9c8179a\" data-element_type=\"widget\" data-e-type=\"widget\" data-widget_type=\"spacer.default\">\n\t\t\t\t<div class=\"elementor-widget-container\">\n\t\t\t\t\t\t\t<div class=\"elementor-spacer\">\n\t\t\t<div class=\"elementor-spacer-inner\"><\/div>\n\t\t<\/div>\n\t\t\t\t\t\t<\/div>\n\t\t\t\t<\/div>\n\t\t\t\t<div class=\"elementor-element elementor-element-22daf76 elementor-widget elementor-widget-text-editor\" data-id=\"22daf76\" data-element_type=\"widget\" data-e-type=\"widget\" data-widget_type=\"text-editor.default\">\n\t\t\t\t<div class=\"elementor-widget-container\">\n\t\t\t\t\t\t\t\t\t<h6 class=\"sppb-addon-title\">MOT DU MINISTRE<\/h6><div class=\"sppb-addon-content\"><h1>Isma\u00ebl NABE<\/h1><\/div>\t\t\t\t\t\t\t\t<\/div>\n\t\t\t\t<\/div>\n\t\t\t\t<div class=\"elementor-element elementor-element-a3df366 elementor-widget elementor-widget-text-editor\" data-id=\"a3df366\" data-element_type=\"widget\" data-e-type=\"widget\" data-widget_type=\"text-editor.default\">\n\t\t\t\t<div class=\"elementor-widget-container\">\n\t\t\t\t\t\t\t\t\t<p>Chers Cybernautes,<\/p>\n<p>C\u2019est avec un grand plaisir, que je vous accueille sur le site web du Minist\u00e8re du Plan, de la Coop\u00e9ration Internationale et du D\u00e9veloppement.<\/p>\n<p>Le Minist\u00e8re du Plan, de la Coop\u00e9ration Internationale et du D\u00e9veloppement que j\u2019ai l\u2019immense honneur de diriger, gr\u00e2ce \u00e0 la confiance de Son Excellence, le G\u00e9n\u00e9ral&nbsp; d&rsquo;Arm\u00e9e Mamadi Doumbouya, Pr\u00e9sident de la r\u00e9publique, Chef de l&rsquo;Etat, Chef supr\u00eame des arm\u00e9es et de son Premier Ministre Monsieur Amadou Oury Bah, est une structure \u00e9tatique d&rsquo;une importance primordiale, aussi bien en termes de la richesse de ses ressources humaines que de la diversit\u00e9 de ses domaines d&rsquo;action.<\/p>\n<p>En effet, vous y trouverez des services d\u2019un int\u00e9r\u00eat strat\u00e9gique pour notre pays, tels que :<\/p>\n<p>&#8211;&nbsp;&nbsp; La Direction Nationale du Plan<\/p>\n<p>&#8211;&nbsp;&nbsp; La Direction Nationale de la Coop\u00e9ration Internationale<\/p>\n<p>&#8211;&nbsp;&nbsp; La Direction Nationale Population et D\u00e9veloppement Economique<\/p>\n<p>&#8211;&nbsp; &nbsp;La Direction Nationale de l&rsquo;Investissement Publique<\/p><p>&#8211;&nbsp; &nbsp;La Direction Nationale des Organisations Internationales<\/p>\n<p>&#8211;&nbsp;&nbsp; La Direction G\u00e9n\u00e9rale de la Coordination et du Suivi des Aides<\/p>\n<p>&#8211;&nbsp;&nbsp; L\u2019Institut National de la Statistique<\/p>\n<p>&#8211;&nbsp;&nbsp; L\u2019Observatoire National du D\u00e9veloppement de la R\u00e9publique de Guin\u00e9e<\/p>\n<p>&#8211;&nbsp;&nbsp; Le Fonds de D\u00e9veloppement \u00c9conomique et Social<\/p>\n<p>&#8211;&nbsp;&nbsp; L\u2019Agence Guin\u00e9enne de Coop\u00e9ration Technique<\/p>\n<p>&#8211;&nbsp;&nbsp; Le Bureau d\u2019Appui \u00e0 la Coop\u00e9ration avec l\u2019Union Europ\u00e9enne<\/p>\n<p>&#8211;&nbsp;&nbsp; Le Bureau Technique d\u2019Appui \u00e0 la Programmation<\/p>\n<p>Avec ce design moderne et novateur, nous vous proposons une exp\u00e9rience engageante, \u00e0 travers ce site que nous voulons interactif et dynamique.<\/p>\n<p>J&rsquo;esp\u00e8re donc que cette plateforme constituera donc un lieu d&rsquo;\u00e9changes entre les femmes et les hommes en charge des missions souveraines du Minist\u00e8re du Plan et de la Coop\u00e9ration Internationale souhaitant s&rsquo;informer ou avoir acc\u00e8s \u00e0 un service public de qualit\u00e9.<\/p>\n<p>De plus, nos diff\u00e9rentes plateformes num\u00e9riques (<a href=\"https:\/\/www.facebook.com\/MPCIGN\/\" target=\"_blank\" rel=\"noopener\">Facebook<\/a>, Twitter, Youtube, LinkedIn ou Instagram) nous permettront de rester en contact et d&rsquo;\u00e9changer r\u00e9guli\u00e8rement et de fa\u00e7on enrichissante.<\/p>\n<p>Alors je vous souhaite, sur notre portail internet, des moments \u00e9difiants qui joindront l&rsquo;utile \u00e0 l&rsquo;agr\u00e9able.<\/p>\n<p>Bienvenu au <strong>www.mpcid.gov.gn<\/strong><\/p>\t\t\t\t\t\t\t\t<\/div>\n\t\t\t\t<\/div>\n\t\t\t\t\t<\/div>\n\t\t<\/div>\n\t\t\t\t<div class=\"elementor-column elementor-col-50 elementor-top-column elementor-element elementor-element-1aff15b\" data-id=\"1aff15b\" data-element_type=\"column\" data-e-type=\"column\">\n\t\t\t<div class=\"elementor-widget-wrap elementor-element-populated\">\n\t\t\t\t\t\t<div class=\"elementor-element elementor-element-5f56b1d elementor-widget elementor-widget-spacer\" data-id=\"5f56b1d\" data-element_type=\"widget\" data-e-type=\"widget\" data-widget_type=\"spacer.default\">\n\t\t\t\t<div class=\"elementor-widget-container\">\n\t\t\t\t\t\t\t<div class=\"elementor-spacer\">\n\t\t\t<div class=\"elementor-spacer-inner\"><\/div>\n\t\t<\/div>\n\t\t\t\t\t\t<\/div>\n\t\t\t\t<\/div>\n\t\t\t\t<div class=\"elementor-element elementor-element-4e0bd57 elementor-widget elementor-widget-text-editor\" data-id=\"4e0bd57\" data-element_type=\"widget\" data-e-type=\"widget\" data-widget_type=\"text-editor.default\">\n\t\t\t\t<div class=\"elementor-widget-container\">\n\t\t\t\t\t\t\t\t\t<p><img fetchpriority=\"high\" decoding=\"async\" class=\"alignnone size-full wp-image-12254\" src=\"https:\/\/mpcid.gov.gn\/wp-content\/uploads\/2024\/03\/433947256_826118932883692_1615863770984821336_n.jpg\" alt=\"\" width=\"810\" height=\"540\" srcset=\"https:\/\/mpcid.gov.gn\/wp-content\/uploads\/2024\/03\/433947256_826118932883692_1615863770984821336_n.jpg 810w, https:\/\/mpcid.gov.gn\/wp-content\/uploads\/2024\/03\/433947256_826118932883692_1615863770984821336_n-500x333.jpg 500w, https:\/\/mpcid.gov.gn\/wp-content\/uploads\/2024\/03\/433947256_826118932883692_1615863770984821336_n-768x512.jpg 768w\" sizes=\"(max-width: 810px) 85vw, 810px\" \/><\/p><p style=\"text-align: center;\"><a href=\"https:\/\/mpcid.gov.gn\/guinee-mpci-le-nouveau-ministre-du-plan-et-de-la-cooperation-internationale-installe-dans-ses-fonctions\/\"><b>BIOGRAPHIE<\/b><\/a><\/p>\t\t\t\t\t\t\t\t<\/div>\n\t\t\t\t<\/div>\n\t\t\t\t\t<\/div>\n\t\t<\/div>\n\t\t\t\t\t<\/div>\n\t\t<\/section>\n\t\t\t\t<\/div>\n\t\t","protected":false},"excerpt":{"rendered":"<p>MOT DU MINISTRE Isma\u00ebl NABE Chers Cybernautes, C\u2019est avec un grand plaisir, que je vous accueille sur le site web du Minist\u00e8re du Plan, de la Coop\u00e9ration Internationale et du D\u00e9veloppement. Le Minist\u00e8re du Plan, de la Coop\u00e9ration Internationale et du D\u00e9veloppement que j\u2019ai l\u2019immense honneur de diriger, gr\u00e2ce \u00e0 la confiance de Son Excellence, &hellip; <a href=\"https:\/\/mpcid.gov.gn\/index.php\/mot-du-ministre\/\" class=\"more-link\">Continue reading<span class=\"screen-reader-text\"> \u00ab\u00a0Mot du Ministre\u00a0\u00bb<\/span><\/a><\/p>\n","protected":false},"author":6,"featured_media":0,"parent":0,"menu_order":0,"comment_status":"closed","ping_status":"closed","template":"elementor_header_footer","meta":{"footnotes":""},"class_list":["post-2283","page","type-page","status-publish","hentry"],"yoast_head":"<!-- This site is optimized with the Yoast SEO plugin v27.4 - https:\/\/yoast.com\/product\/yoast-seo-wordpress\/ -->\n<title>Mot du Ministre - MPCI<\/title>\n<meta name=\"robots\" content=\"index, follow, max-snippet:-1, max-image-preview:large, max-video-preview:-1\" \/>\n<link rel=\"canonical\" href=\"https:\/\/mpcid.gov.gn\/index.php\/mot-du-ministre\/\" \/>\n<meta property=\"og:locale\" content=\"fr_FR\" \/>\n<meta property=\"og:type\" content=\"article\" \/>\n<meta property=\"og:title\" content=\"Mot du Ministre - MPCI\" \/>\n<meta property=\"og:description\" content=\"MOT DU MINISTRE Isma\u00ebl NABE Chers Cybernautes, C\u2019est avec un grand plaisir, que je vous accueille sur le site web du Minist\u00e8re du Plan, de la Coop\u00e9ration Internationale et du D\u00e9veloppement. Le Minist\u00e8re du Plan, de la Coop\u00e9ration Internationale et du D\u00e9veloppement que j\u2019ai l\u2019immense honneur de diriger, gr\u00e2ce \u00e0 la confiance de Son Excellence, &hellip; Continue reading &quot;Mot du Ministre&quot;\" \/>\n<meta property=\"og:url\" content=\"https:\/\/mpcid.gov.gn\/index.php\/mot-du-ministre\/\" \/>\n<meta property=\"og:site_name\" content=\"MPCI\" \/>\n<meta property=\"article:publisher\" content=\"https:\/\/www.facebook.com\/MPCIGN\" \/>\n<meta property=\"article:modified_time\" content=\"2026-03-09T16:34:24+00:00\" \/>\n<meta property=\"og:image\" content=\"https:\/\/mpcid.gov.gn\/wp-content\/uploads\/2024\/03\/433947256_826118932883692_1615863770984821336_n.jpg\" \/>\n\t<meta property=\"og:image:width\" content=\"810\" \/>\n\t<meta property=\"og:image:height\" content=\"540\" \/>\n\t<meta property=\"og:image:type\" content=\"image\/jpeg\" \/>\n<meta name=\"twitter:card\" content=\"summary_large_image\" \/>\n<meta name=\"twitter:site\" content=\"@MpciGov\" \/>\n<meta name=\"twitter:label1\" content=\"Dur\u00e9e de lecture estim\u00e9e\" \/>\n\t<meta name=\"twitter:data1\" content=\"2 minutes\" \/>\n<script type=\"application\/ld+json\" class=\"yoast-schema-graph\">{\"@context\":\"https:\\\/\\\/schema.org\",\"@graph\":[{\"@type\":\"WebPage\",\"@id\":\"https:\\\/\\\/mpcid.gov.gn\\\/index.php\\\/mot-du-ministre\\\/\",\"url\":\"https:\\\/\\\/mpcid.gov.gn\\\/index.php\\\/mot-du-ministre\\\/\",\"name\":\"Mot du Ministre - MPCI\",\"isPartOf\":{\"@id\":\"https:\\\/\\\/mpcid.gov.gn\\\/#website\"},\"primaryImageOfPage\":{\"@id\":\"https:\\\/\\\/mpcid.gov.gn\\\/index.php\\\/mot-du-ministre\\\/#primaryimage\"},\"image\":{\"@id\":\"https:\\\/\\\/mpcid.gov.gn\\\/index.php\\\/mot-du-ministre\\\/#primaryimage\"},\"thumbnailUrl\":\"https:\\\/\\\/mpcid.gov.gn\\\/wp-content\\\/uploads\\\/2024\\\/03\\\/433947256_826118932883692_1615863770984821336_n.jpg\",\"datePublished\":\"2022-08-04T14:12:34+00:00\",\"dateModified\":\"2026-03-09T16:34:24+00:00\",\"breadcrumb\":{\"@id\":\"https:\\\/\\\/mpcid.gov.gn\\\/index.php\\\/mot-du-ministre\\\/#breadcrumb\"},\"inLanguage\":\"fr-FR\",\"potentialAction\":[{\"@type\":\"ReadAction\",\"target\":[\"https:\\\/\\\/mpcid.gov.gn\\\/index.php\\\/mot-du-ministre\\\/\"]}]},{\"@type\":\"ImageObject\",\"inLanguage\":\"fr-FR\",\"@id\":\"https:\\\/\\\/mpcid.gov.gn\\\/index.php\\\/mot-du-ministre\\\/#primaryimage\",\"url\":\"https:\\\/\\\/mpcid.gov.gn\\\/wp-content\\\/uploads\\\/2024\\\/03\\\/433947256_826118932883692_1615863770984821336_n.jpg\",\"contentUrl\":\"https:\\\/\\\/mpcid.gov.gn\\\/wp-content\\\/uploads\\\/2024\\\/03\\\/433947256_826118932883692_1615863770984821336_n.jpg\",\"width\":810,\"height\":540},{\"@type\":\"BreadcrumbList\",\"@id\":\"https:\\\/\\\/mpcid.gov.gn\\\/index.php\\\/mot-du-ministre\\\/#breadcrumb\",\"itemListElement\":[{\"@type\":\"ListItem\",\"position\":1,\"name\":\"Accueil\",\"item\":\"https:\\\/\\\/mpcid.gov.gn\\\/\"},{\"@type\":\"ListItem\",\"position\":2,\"name\":\"Mot du Ministre\"}]},{\"@type\":\"WebSite\",\"@id\":\"https:\\\/\\\/mpcid.gov.gn\\\/#website\",\"url\":\"https:\\\/\\\/mpcid.gov.gn\\\/\",\"name\":\"https:\\\/\\\/mpcid.gov.gn\\\/\",\"description\":\"Minist\u00e8re du Plan et de la Coop\u00e9ration Internationale\",\"publisher\":{\"@id\":\"https:\\\/\\\/mpcid.gov.gn\\\/#organization\"},\"potentialAction\":[{\"@type\":\"SearchAction\",\"target\":{\"@type\":\"EntryPoint\",\"urlTemplate\":\"https:\\\/\\\/mpcid.gov.gn\\\/?s={search_term_string}\"},\"query-input\":{\"@type\":\"PropertyValueSpecification\",\"valueRequired\":true,\"valueName\":\"search_term_string\"}}],\"inLanguage\":\"fr-FR\"},{\"@type\":\"Organization\",\"@id\":\"https:\\\/\\\/mpcid.gov.gn\\\/#organization\",\"name\":\"Minist\u00e8re du Plan et de la Coop\u00e9ration Internationale - MPCI\",\"url\":\"https:\\\/\\\/mpcid.gov.gn\\\/\",\"logo\":{\"@type\":\"ImageObject\",\"inLanguage\":\"fr-FR\",\"@id\":\"https:\\\/\\\/mpcid.gov.gn\\\/#\\\/schema\\\/logo\\\/image\\\/\",\"url\":\"https:\\\/\\\/mpcid.gov.gn\\\/wp-content\\\/uploads\\\/2023\\\/10\\\/Ministere-du-Plan-et-de-la-Cooperation-Internationale-MPCI.jpg\",\"contentUrl\":\"https:\\\/\\\/mpcid.gov.gn\\\/wp-content\\\/uploads\\\/2023\\\/10\\\/Ministere-du-Plan-et-de-la-Cooperation-Internationale-MPCI.jpg\",\"width\":462,\"height\":462,\"caption\":\"Minist\u00e8re du Plan et de la Coop\u00e9ration Internationale - MPCI\"},\"image\":{\"@id\":\"https:\\\/\\\/mpcid.gov.gn\\\/#\\\/schema\\\/logo\\\/image\\\/\"},\"sameAs\":[\"https:\\\/\\\/www.facebook.com\\\/MPCIGN\",\"https:\\\/\\\/x.com\\\/MpciGov\"]}]}<\/script>\n<!-- \/ Yoast SEO plugin. -->","yoast_head_json":{"title":"Mot du Ministre - MPCI","robots":{"index":"index","follow":"follow","max-snippet":"max-snippet:-1","max-image-preview":"max-image-preview:large","max-video-preview":"max-video-preview:-1"},"canonical":"https:\/\/mpcid.gov.gn\/index.php\/mot-du-ministre\/","og_locale":"fr_FR","og_type":"article","og_title":"Mot du Ministre - MPCI","og_description":"MOT DU MINISTRE Isma\u00ebl NABE Chers Cybernautes, C\u2019est avec un grand plaisir, que je vous accueille sur le site web du Minist\u00e8re du Plan, de la Coop\u00e9ration Internationale et du D\u00e9veloppement. Le Minist\u00e8re du Plan, de la Coop\u00e9ration Internationale et du D\u00e9veloppement que j\u2019ai l\u2019immense honneur de diriger, gr\u00e2ce \u00e0 la confiance de Son Excellence, &hellip; Continue reading \"Mot du Ministre\"","og_url":"https:\/\/mpcid.gov.gn\/index.php\/mot-du-ministre\/","og_site_name":"MPCI","article_publisher":"https:\/\/www.facebook.com\/MPCIGN","article_modified_time":"2026-03-09T16:34:24+00:00","og_image":[{"width":810,"height":540,"url":"https:\/\/mpcid.gov.gn\/wp-content\/uploads\/2024\/03\/433947256_826118932883692_1615863770984821336_n.jpg","type":"image\/jpeg"}],"twitter_card":"summary_large_image","twitter_site":"@MpciGov","twitter_misc":{"Dur\u00e9e de lecture estim\u00e9e":"2 minutes"},"schema":{"@context":"https:\/\/schema.org","@graph":[{"@type":"WebPage","@id":"https:\/\/mpcid.gov.gn\/index.php\/mot-du-ministre\/","url":"https:\/\/mpcid.gov.gn\/index.php\/mot-du-ministre\/","name":"Mot du Ministre - MPCI","isPartOf":{"@id":"https:\/\/mpcid.gov.gn\/#website"},"primaryImageOfPage":{"@id":"https:\/\/mpcid.gov.gn\/index.php\/mot-du-ministre\/#primaryimage"},"image":{"@id":"https:\/\/mpcid.gov.gn\/index.php\/mot-du-ministre\/#primaryimage"},"thumbnailUrl":"https:\/\/mpcid.gov.gn\/wp-content\/uploads\/2024\/03\/433947256_826118932883692_1615863770984821336_n.jpg","datePublished":"2022-08-04T14:12:34+00:00","dateModified":"2026-03-09T16:34:24+00:00","breadcrumb":{"@id":"https:\/\/mpcid.gov.gn\/index.php\/mot-du-ministre\/#breadcrumb"},"inLanguage":"fr-FR","potentialAction":[{"@type":"ReadAction","target":["https:\/\/mpcid.gov.gn\/index.php\/mot-du-ministre\/"]}]},{"@type":"ImageObject","inLanguage":"fr-FR","@id":"https:\/\/mpcid.gov.gn\/index.php\/mot-du-ministre\/#primaryimage","url":"https:\/\/mpcid.gov.gn\/wp-content\/uploads\/2024\/03\/433947256_826118932883692_1615863770984821336_n.jpg","contentUrl":"https:\/\/mpcid.gov.gn\/wp-content\/uploads\/2024\/03\/433947256_826118932883692_1615863770984821336_n.jpg","width":810,"height":540},{"@type":"BreadcrumbList","@id":"https:\/\/mpcid.gov.gn\/index.php\/mot-du-ministre\/#breadcrumb","itemListElement":[{"@type":"ListItem","position":1,"name":"Accueil","item":"https:\/\/mpcid.gov.gn\/"},{"@type":"ListItem","position":2,"name":"Mot du Ministre"}]},{"@type":"WebSite","@id":"https:\/\/mpcid.gov.gn\/#website","url":"https:\/\/mpcid.gov.gn\/","name":"https:\/\/mpcid.gov.gn\/","description":"Minist\u00e8re du Plan et de la Coop\u00e9ration Internationale","publisher":{"@id":"https:\/\/mpcid.gov.gn\/#organization"},"potentialAction":[{"@type":"SearchAction","target":{"@type":"EntryPoint","urlTemplate":"https:\/\/mpcid.gov.gn\/?s={search_term_string}"},"query-input":{"@type":"PropertyValueSpecification","valueRequired":true,"valueName":"search_term_string"}}],"inLanguage":"fr-FR"},{"@type":"Organization","@id":"https:\/\/mpcid.gov.gn\/#organization","name":"Minist\u00e8re du Plan et de la Coop\u00e9ration Internationale - MPCI","url":"https:\/\/mpcid.gov.gn\/","logo":{"@type":"ImageObject","inLanguage":"fr-FR","@id":"https:\/\/mpcid.gov.gn\/#\/schema\/logo\/image\/","url":"https:\/\/mpcid.gov.gn\/wp-content\/uploads\/2023\/10\/Ministere-du-Plan-et-de-la-Cooperation-Internationale-MPCI.jpg","contentUrl":"https:\/\/mpcid.gov.gn\/wp-content\/uploads\/2023\/10\/Ministere-du-Plan-et-de-la-Cooperation-Internationale-MPCI.jpg","width":462,"height":462,"caption":"Minist\u00e8re du Plan et de la Coop\u00e9ration Internationale - MPCI"},"image":{"@id":"https:\/\/mpcid.gov.gn\/#\/schema\/logo\/image\/"},"sameAs":["https:\/\/www.facebook.com\/MPCIGN","https:\/\/x.com\/MpciGov"]}]}},"_links":{"self":[{"href":"https:\/\/mpcid.gov.gn\/index.php\/wp-json\/wp\/v2\/pages\/2283","targetHints":{"allow":["GET"]}}],"collection":[{"href":"https:\/\/mpcid.gov.gn\/index.php\/wp-json\/wp\/v2\/pages"}],"about":[{"href":"https:\/\/mpcid.gov.gn\/index.php\/wp-json\/wp\/v2\/types\/page"}],"author":[{"embeddable":true,"href":"https:\/\/mpcid.gov.gn\/index.php\/wp-json\/wp\/v2\/users\/6"}],"replies":[{"embeddable":true,"href":"https:\/\/mpcid.gov.gn\/index.php\/wp-json\/wp\/v2\/comments?post=2283"}],"version-history":[{"count":0,"href":"https:\/\/mpcid.gov.gn\/index.php\/wp-json\/wp\/v2\/pages\/2283\/revisions"}],"wp:attachment":[{"href":"https:\/\/mpcid.gov.gn\/index.php\/wp-json\/wp\/v2\/media?parent=2283"}],"curies":[{"name":"wp","href":"https:\/\/api.w.org\/{rel}","templated":true}]}}