{"id":17174,"date":"2025-10-16T16:57:50","date_gmt":"2025-10-16T16:57:50","guid":{"rendered":"https:\/\/mpci.gov.gn\/?page_id=17174"},"modified":"2025-10-16T18:13:33","modified_gmt":"2025-10-16T18:13:33","slug":"tous-les-discours","status":"publish","type":"page","link":"https:\/\/mpcid.gov.gn\/index.php\/tous-les-discours\/","title":{"rendered":"Tous Les Discours"},"content":{"rendered":"\t\t<div data-elementor-type=\"wp-page\" data-elementor-id=\"17174\" class=\"elementor elementor-17174\" data-elementor-post-type=\"page\">\n\t\t\t\t\t\t<section class=\"elementor-section elementor-top-section elementor-element elementor-element-ef08595 elementor-section-boxed elementor-section-height-default elementor-section-height-default\" data-id=\"ef08595\" data-element_type=\"section\" data-e-type=\"section\" data-settings=\"{&quot;background_background&quot;:&quot;classic&quot;}\">\n\t\t\t\t\t\t<div class=\"elementor-container elementor-column-gap-default\">\n\t\t\t\t\t<div class=\"elementor-column elementor-col-100 elementor-top-column elementor-element elementor-element-9d78a5f\" data-id=\"9d78a5f\" data-element_type=\"column\" data-e-type=\"column\">\n\t\t\t<div class=\"elementor-widget-wrap elementor-element-populated\">\n\t\t\t\t\t\t<div class=\"elementor-element elementor-element-dd47d97 elementor-widget elementor-widget-heading\" data-id=\"dd47d97\" data-element_type=\"widget\" data-e-type=\"widget\" data-widget_type=\"heading.default\">\n\t\t\t\t<div class=\"elementor-widget-container\">\n\t\t\t\t\t<h2 class=\"elementor-heading-title elementor-size-default\">Tous les discours de Monsieur le ministre<\/h2>\t\t\t\t<\/div>\n\t\t\t\t<\/div>\n\t\t\t\t<div class=\"elementor-element elementor-element-fb79af1 elementor-grid-4 elementor-grid-tablet-2 elementor-grid-mobile-1 elementor-widget elementor-widget-elementor-blog-posts\" data-id=\"fb79af1\" data-element_type=\"widget\" data-e-type=\"widget\" data-settings=\"{&quot;columns&quot;:&quot;4&quot;,&quot;columns_tablet&quot;:&quot;2&quot;,&quot;columns_mobile&quot;:&quot;1&quot;}\" data-widget_type=\"elementor-blog-posts.default\">\n\t\t\t\t<div class=\"elementor-widget-container\">\n\t\t\t\t\t\t\t<div class=\"wpcap-grid\">\n\t\t\t\t\t\t<div class=\"wpcap-grid-container elementor-grid wpcap-grid-desktop-4 wpcap-grid-tablet-2 wpcap-grid-mobile-1\">\n\n\t\t\t\t\n        <article id=\"post-19097\" class=\"wpcap-post post-19097 post type-post status-publish format-standard has-post-thumbnail hentry category-actualites category-discours-ministre-ismael-nabe\">\n         \n            <div class=\"post-grid-inner\">\n                \n                \t\t<h3 class=\"title\">\n\t\t\t<a href=\"https:\/\/mpcid.gov.gn\/index.php\/discours-a-loccasion-de-la-session-pleniere-du-cnt-portant-examen-et-deliberation-des-projets-de-loi-de-plan-2026-2040-et-de-loi-programme-2026-2030\/\">DISCOURS INTEGRAL DU MINISTRE ISMAEL NABE A L\u2019OCCASION DE LA SESSION PLENIERE DU CNT PORTANT EXAMEN ET DELIBERATION DES PROJETS DE LOI DE PLAN 2026\u20132040 ET DE LOI PROGRAMME 2026\u20132030<\/a>\n\t\t<\/h3>\n\t\t                \n                 \t\t\t<div class=\"post-grid-thumbnail\">\n\t\t\t\t<a href=\"https:\/\/mpcid.gov.gn\/index.php\/discours-a-loccasion-de-la-session-pleniere-du-cnt-portant-examen-et-deliberation-des-projets-de-loi-de-plan-2026-2040-et-de-loi-programme-2026-2030\/\">\n\t\t\t\t\t<img fetchpriority=\"high\" decoding=\"async\" width=\"1080\" height=\"720\" src=\"https:\/\/mpcid.gov.gn\/wp-content\/uploads\/2026\/03\/13-2.jpg\" class=\"attachment-full size-full wp-post-image\" alt=\"\" srcset=\"https:\/\/mpcid.gov.gn\/wp-content\/uploads\/2026\/03\/13-2.jpg 1080w, https:\/\/mpcid.gov.gn\/wp-content\/uploads\/2026\/03\/13-2-500x333.jpg 500w, https:\/\/mpcid.gov.gn\/wp-content\/uploads\/2026\/03\/13-2-1024x683.jpg 1024w, https:\/\/mpcid.gov.gn\/wp-content\/uploads\/2026\/03\/13-2-768x512.jpg 768w\" sizes=\"(max-width: 709px) 85vw, (max-width: 909px) 67vw, (max-width: 1362px) 62vw, 840px\" \/>\t\t\t\t<\/a>\n\t\t\t<\/div>\n        \n                <div class=\"post-grid-text-wrap\">\n                    \t\t<div class=\"post-grid-meta\">\n\t\t\t\n\t\t\t\t<span class=\"post-date\"><time datetime=\"2026-03-06T10:32:51+00:00\">6 mars 2026<\/time><\/span>\n\n\t\t\t\t\t\t<\/div>\n\t\t                    \t\t<div class=\"post-grid-excerpt\">\n\t\t\t<p>Cliquer sur le lien ci-dessous pour t\u00e9l\u00e9charger le DISCOURS DU MINISTRE ISMAEL NABE A L\u2019OCCASION DE LA SESSION PLENIERE DU CNT PORTANT EXAMEN ET DELIBERATION&hellip;<\/p>\n\t\t<\/div>\n\t\t                                    <\/div>\n\n            <\/div><!-- .blog-inner -->\n           \n        <\/article>\n\n        \n        <article id=\"post-19008\" class=\"wpcap-post post-19008 post type-post status-publish format-standard has-post-thumbnail hentry category-discours-ministre-ismael-nabe\">\n         \n            <div class=\"post-grid-inner\">\n                \n                \t\t<h3 class=\"title\">\n\t\t\t<a href=\"https:\/\/mpcid.gov.gn\/index.php\/publication-des-resultats-preliminaires-du-rgph-4-voici-le-discours-prononce-par-le-ministre-du-plan-de-la-cooperation-internationale-et-du-developpement-ismael-nabe\/\">Publication des r\u00e9sultats pr\u00e9liminaires du RGPH-4 : Voici le discours prononc\u00e9 par le Ministre du Plan, de la Coop\u00e9ration internationale et du D\u00e9veloppement, Isma\u00ebl NABE<\/a>\n\t\t<\/h3>\n\t\t                \n                 \t\t\t<div class=\"post-grid-thumbnail\">\n\t\t\t\t<a href=\"https:\/\/mpcid.gov.gn\/index.php\/publication-des-resultats-preliminaires-du-rgph-4-voici-le-discours-prononce-par-le-ministre-du-plan-de-la-cooperation-internationale-et-du-developpement-ismael-nabe\/\">\n\t\t\t\t\t<img decoding=\"async\" width=\"1280\" height=\"853\" src=\"https:\/\/mpcid.gov.gn\/wp-content\/uploads\/2026\/02\/9-10.jpg\" class=\"attachment-full size-full wp-post-image\" alt=\"\" srcset=\"https:\/\/mpcid.gov.gn\/wp-content\/uploads\/2026\/02\/9-10.jpg 1280w, https:\/\/mpcid.gov.gn\/wp-content\/uploads\/2026\/02\/9-10-500x333.jpg 500w, https:\/\/mpcid.gov.gn\/wp-content\/uploads\/2026\/02\/9-10-1024x682.jpg 1024w, https:\/\/mpcid.gov.gn\/wp-content\/uploads\/2026\/02\/9-10-768x512.jpg 768w, https:\/\/mpcid.gov.gn\/wp-content\/uploads\/2026\/02\/9-10-1200x800.jpg 1200w\" sizes=\"(max-width: 709px) 85vw, (max-width: 909px) 67vw, (max-width: 1362px) 62vw, 840px\" \/>\t\t\t\t<\/a>\n\t\t\t<\/div>\n        \n                <div class=\"post-grid-text-wrap\">\n                    \t\t<div class=\"post-grid-meta\">\n\t\t\t\n\t\t\t\t<span class=\"post-date\"><time datetime=\"2026-02-25T15:30:43+00:00\">25 f\u00e9vrier 2026<\/time><\/span>\n\n\t\t\t\t\t\t<\/div>\n\t\t                    \t\t<div class=\"post-grid-excerpt\">\n\t\t\t<p>Discours du MPCID lors de la presentation des resultats preliminaires du RGPH-4<\/p>\n\t\t<\/div>\n\t\t                                    <\/div>\n\n            <\/div><!-- .blog-inner -->\n           \n        <\/article>\n\n        \n        <article id=\"post-18669\" class=\"wpcap-post post-18669 post type-post status-publish format-standard has-post-thumbnail hentry category-actualites category-discours-ministre-ismael-nabe\">\n         \n            <div class=\"post-grid-inner\">\n                \n                \t\t<h3 class=\"title\">\n\t\t\t<a href=\"https:\/\/mpcid.gov.gn\/index.php\/allocution-de-prise-de-fonction-de-s-e-m-ismael-nabe-ministre-du-plan-de-la-cooperation-internationale-et-du-developpement\/\">ALLOCUTION DE PRISE DE FONCTION DE  S.E. M. Isma\u00ebl NABE, Ministre du Plan, de la Coop\u00e9ration Internationale et du D\u00e9veloppement<\/a>\n\t\t<\/h3>\n\t\t                \n                 \t\t\t<div class=\"post-grid-thumbnail\">\n\t\t\t\t<a href=\"https:\/\/mpcid.gov.gn\/index.php\/allocution-de-prise-de-fonction-de-s-e-m-ismael-nabe-ministre-du-plan-de-la-cooperation-internationale-et-du-developpement\/\">\n\t\t\t\t\t<img decoding=\"async\" width=\"2560\" height=\"1706\" src=\"https:\/\/mpcid.gov.gn\/wp-content\/uploads\/2026\/02\/14.jpeg\" class=\"attachment-full size-full wp-post-image\" alt=\"\" srcset=\"https:\/\/mpcid.gov.gn\/wp-content\/uploads\/2026\/02\/14.jpeg 2560w, https:\/\/mpcid.gov.gn\/wp-content\/uploads\/2026\/02\/14-500x333.jpeg 500w, https:\/\/mpcid.gov.gn\/wp-content\/uploads\/2026\/02\/14-1024x682.jpeg 1024w, https:\/\/mpcid.gov.gn\/wp-content\/uploads\/2026\/02\/14-768x512.jpeg 768w, https:\/\/mpcid.gov.gn\/wp-content\/uploads\/2026\/02\/14-1536x1024.jpeg 1536w, https:\/\/mpcid.gov.gn\/wp-content\/uploads\/2026\/02\/14-2048x1365.jpeg 2048w, https:\/\/mpcid.gov.gn\/wp-content\/uploads\/2026\/02\/14-1200x800.jpeg 1200w\" sizes=\"(max-width: 709px) 85vw, (max-width: 909px) 67vw, (max-width: 1362px) 62vw, 840px\" \/>\t\t\t\t<\/a>\n\t\t\t<\/div>\n        \n                <div class=\"post-grid-text-wrap\">\n                    \t\t<div class=\"post-grid-meta\">\n\t\t\t\n\t\t\t\t<span class=\"post-date\"><time datetime=\"2026-02-06T20:58:31+00:00\">6 f\u00e9vrier 2026<\/time><\/span>\n\n\t\t\t\t\t\t<\/div>\n\t\t                    \t\t<div class=\"post-grid-excerpt\">\n\t\t\t<p>Discours de Prise de Fonction de Monsieur Isma\u00ebl NABE, Ministre du Plan, de la Coop\u00e9ration internationale et du D\u00e9veloppement<\/p>\n\t\t<\/div>\n\t\t                                    <\/div>\n\n            <\/div><!-- .blog-inner -->\n           \n        <\/article>\n\n        \n        <article id=\"post-17203\" class=\"wpcap-post post-17203 post type-post status-publish format-standard has-post-thumbnail hentry category-discours-ministre-ismael-nabe\">\n         \n            <div class=\"post-grid-inner\">\n                \n                \t\t<h3 class=\"title\">\n\t\t\t<a href=\"https:\/\/mpcid.gov.gn\/index.php\/journee-mondiale-de-la-population-2025\/\">Journ\u00e9e Mondiale de la Population 2025<\/a>\n\t\t<\/h3>\n\t\t                \n                 \t\t\t<div class=\"post-grid-thumbnail\">\n\t\t\t\t<a href=\"https:\/\/mpcid.gov.gn\/index.php\/journee-mondiale-de-la-population-2025\/\">\n\t\t\t\t\t<img loading=\"lazy\" decoding=\"async\" width=\"214\" height=\"300\" src=\"https:\/\/mpcid.gov.gn\/wp-content\/uploads\/2025\/10\/discoursmin-1.jpg\" class=\"attachment-full size-full wp-post-image\" alt=\"\" \/>\t\t\t\t<\/a>\n\t\t\t<\/div>\n        \n                <div class=\"post-grid-text-wrap\">\n                    \t\t<div class=\"post-grid-meta\">\n\t\t\t\n\t\t\t\t<span class=\"post-date\"><time datetime=\"2025-10-16T17:40:05+00:00\">16 octobre 2025<\/time><\/span>\n\n\t\t\t\t\t\t<\/div>\n\t\t                    \t\t<div class=\"post-grid-excerpt\">\n\t\t\t<p>T\u00e9l\u00e9charger le fichier ici<\/p>\n\t\t<\/div>\n\t\t                                    <\/div>\n\n            <\/div><!-- .blog-inner -->\n           \n        <\/article>\n\n        \n\t\t\t<\/div>\n\t\t<\/div>\n\t\t\t\t\t\t<\/div>\n\t\t\t\t<\/div>\n\t\t\t\t<div class=\"elementor-element elementor-element-ceba60a elementor-widget elementor-widget-wp-widget-search\" data-id=\"ceba60a\" data-element_type=\"widget\" data-e-type=\"widget\" data-widget_type=\"wp-widget-search.default\">\n\t\t\t\t<div class=\"elementor-widget-container\">\n\t\t\t\t\t<h5>Cherchez le discours ici<\/h5>\n<form role=\"search\" method=\"get\" class=\"search-form\" action=\"https:\/\/mpcid.gov.gn\/\">\n\t<label>\n\t\t<span class=\"screen-reader-text\">Search for:<\/span>\n\t\t<input type=\"search\" class=\"search-field\" placeholder=\"Search &hellip;\" value=\"\" name=\"s\" \/>\n\t<\/label>\n\t<button type=\"submit\" class=\"search-submit\"><span class=\"screen-reader-text\">Search<\/span><\/button>\n<\/form>\n\t\t\t\t<\/div>\n\t\t\t\t<\/div>\n\t\t\t\t\t<\/div>\n\t\t<\/div>\n\t\t\t\t\t<\/div>\n\t\t<\/section>\n\t\t\t\t<\/div>\n\t\t","protected":false},"excerpt":{"rendered":"<p>Tous les discours de Monsieur le ministre Journ\u00e9e Mondiale de la Population 2025 16 octobre 2025 T\u00e9l\u00e9charger le fichier ici<\/p>\n","protected":false},"author":6,"featured_media":0,"parent":0,"menu_order":0,"comment_status":"closed","ping_status":"closed","template":"elementor_header_footer","meta":{"footnotes":""},"class_list":["post-17174","page","type-page","status-publish","hentry"],"yoast_head":"<!-- This site is optimized with the Yoast SEO plugin v27.4 - https:\/\/yoast.com\/product\/yoast-seo-wordpress\/ -->\n<title>Tous Les Discours - MPCI<\/title>\n<meta name=\"robots\" content=\"index, follow, max-snippet:-1, max-image-preview:large, max-video-preview:-1\" \/>\n<link rel=\"canonical\" href=\"https:\/\/mpcid.gov.gn\/index.php\/tous-les-discours\/\" \/>\n<meta property=\"og:locale\" content=\"fr_FR\" \/>\n<meta property=\"og:type\" content=\"article\" \/>\n<meta property=\"og:title\" content=\"Tous Les Discours - MPCI\" \/>\n<meta property=\"og:description\" content=\"Tous les discours de Monsieur le ministre Journ\u00e9e Mondiale de la Population 2025 16 octobre 2025 T\u00e9l\u00e9charger le fichier ici\" \/>\n<meta property=\"og:url\" content=\"https:\/\/mpcid.gov.gn\/index.php\/tous-les-discours\/\" \/>\n<meta property=\"og:site_name\" content=\"MPCI\" \/>\n<meta property=\"article:publisher\" content=\"https:\/\/www.facebook.com\/MPCIGN\" \/>\n<meta property=\"article:modified_time\" content=\"2025-10-16T18:13:33+00:00\" \/>\n<meta property=\"og:image\" content=\"https:\/\/mpcid.gov.gn\/wp-content\/uploads\/2025\/10\/discoursmin-1.jpg\" \/>\n<meta name=\"twitter:card\" content=\"summary_large_image\" \/>\n<meta name=\"twitter:site\" content=\"@MpciGov\" \/>\n<meta name=\"twitter:label1\" content=\"Dur\u00e9e de lecture estim\u00e9e\" \/>\n\t<meta name=\"twitter:data1\" content=\"1 minute\" \/>\n<script type=\"application\/ld+json\" class=\"yoast-schema-graph\">{\"@context\":\"https:\\\/\\\/schema.org\",\"@graph\":[{\"@type\":\"WebPage\",\"@id\":\"https:\\\/\\\/mpcid.gov.gn\\\/index.php\\\/tous-les-discours\\\/\",\"url\":\"https:\\\/\\\/mpcid.gov.gn\\\/index.php\\\/tous-les-discours\\\/\",\"name\":\"Tous Les Discours - MPCI\",\"isPartOf\":{\"@id\":\"https:\\\/\\\/mpcid.gov.gn\\\/#website\"},\"primaryImageOfPage\":{\"@id\":\"https:\\\/\\\/mpcid.gov.gn\\\/index.php\\\/tous-les-discours\\\/#primaryimage\"},\"image\":{\"@id\":\"https:\\\/\\\/mpcid.gov.gn\\\/index.php\\\/tous-les-discours\\\/#primaryimage\"},\"thumbnailUrl\":\"https:\\\/\\\/mpcid.gov.gn\\\/wp-content\\\/uploads\\\/2025\\\/10\\\/discoursmin-1.jpg\",\"datePublished\":\"2025-10-16T16:57:50+00:00\",\"dateModified\":\"2025-10-16T18:13:33+00:00\",\"breadcrumb\":{\"@id\":\"https:\\\/\\\/mpcid.gov.gn\\\/index.php\\\/tous-les-discours\\\/#breadcrumb\"},\"inLanguage\":\"fr-FR\",\"potentialAction\":[{\"@type\":\"ReadAction\",\"target\":[\"https:\\\/\\\/mpcid.gov.gn\\\/index.php\\\/tous-les-discours\\\/\"]}]},{\"@type\":\"ImageObject\",\"inLanguage\":\"fr-FR\",\"@id\":\"https:\\\/\\\/mpcid.gov.gn\\\/index.php\\\/tous-les-discours\\\/#primaryimage\",\"url\":\"https:\\\/\\\/mpcid.gov.gn\\\/wp-content\\\/uploads\\\/2025\\\/10\\\/discoursmin-1.jpg\",\"contentUrl\":\"https:\\\/\\\/mpcid.gov.gn\\\/wp-content\\\/uploads\\\/2025\\\/10\\\/discoursmin-1.jpg\",\"width\":214,\"height\":300},{\"@type\":\"BreadcrumbList\",\"@id\":\"https:\\\/\\\/mpcid.gov.gn\\\/index.php\\\/tous-les-discours\\\/#breadcrumb\",\"itemListElement\":[{\"@type\":\"ListItem\",\"position\":1,\"name\":\"Accueil\",\"item\":\"https:\\\/\\\/mpcid.gov.gn\\\/\"},{\"@type\":\"ListItem\",\"position\":2,\"name\":\"Tous Les Discours\"}]},{\"@type\":\"WebSite\",\"@id\":\"https:\\\/\\\/mpcid.gov.gn\\\/#website\",\"url\":\"https:\\\/\\\/mpcid.gov.gn\\\/\",\"name\":\"https:\\\/\\\/mpcid.gov.gn\\\/\",\"description\":\"Minist\u00e8re du Plan et de la Coop\u00e9ration Internationale\",\"publisher\":{\"@id\":\"https:\\\/\\\/mpcid.gov.gn\\\/#organization\"},\"potentialAction\":[{\"@type\":\"SearchAction\",\"target\":{\"@type\":\"EntryPoint\",\"urlTemplate\":\"https:\\\/\\\/mpcid.gov.gn\\\/?s={search_term_string}\"},\"query-input\":{\"@type\":\"PropertyValueSpecification\",\"valueRequired\":true,\"valueName\":\"search_term_string\"}}],\"inLanguage\":\"fr-FR\"},{\"@type\":\"Organization\",\"@id\":\"https:\\\/\\\/mpcid.gov.gn\\\/#organization\",\"name\":\"Minist\u00e8re du Plan et de la Coop\u00e9ration Internationale - MPCI\",\"url\":\"https:\\\/\\\/mpcid.gov.gn\\\/\",\"logo\":{\"@type\":\"ImageObject\",\"inLanguage\":\"fr-FR\",\"@id\":\"https:\\\/\\\/mpcid.gov.gn\\\/#\\\/schema\\\/logo\\\/image\\\/\",\"url\":\"https:\\\/\\\/mpcid.gov.gn\\\/wp-content\\\/uploads\\\/2023\\\/10\\\/Ministere-du-Plan-et-de-la-Cooperation-Internationale-MPCI.jpg\",\"contentUrl\":\"https:\\\/\\\/mpcid.gov.gn\\\/wp-content\\\/uploads\\\/2023\\\/10\\\/Ministere-du-Plan-et-de-la-Cooperation-Internationale-MPCI.jpg\",\"width\":462,\"height\":462,\"caption\":\"Minist\u00e8re du Plan et de la Coop\u00e9ration Internationale - MPCI\"},\"image\":{\"@id\":\"https:\\\/\\\/mpcid.gov.gn\\\/#\\\/schema\\\/logo\\\/image\\\/\"},\"sameAs\":[\"https:\\\/\\\/www.facebook.com\\\/MPCIGN\",\"https:\\\/\\\/x.com\\\/MpciGov\"]}]}<\/script>\n<!-- \/ Yoast SEO plugin. -->","yoast_head_json":{"title":"Tous Les Discours - MPCI","robots":{"index":"index","follow":"follow","max-snippet":"max-snippet:-1","max-image-preview":"max-image-preview:large","max-video-preview":"max-video-preview:-1"},"canonical":"https:\/\/mpcid.gov.gn\/index.php\/tous-les-discours\/","og_locale":"fr_FR","og_type":"article","og_title":"Tous Les Discours - MPCI","og_description":"Tous les discours de Monsieur le ministre Journ\u00e9e Mondiale de la Population 2025 16 octobre 2025 T\u00e9l\u00e9charger le fichier ici","og_url":"https:\/\/mpcid.gov.gn\/index.php\/tous-les-discours\/","og_site_name":"MPCI","article_publisher":"https:\/\/www.facebook.com\/MPCIGN","article_modified_time":"2025-10-16T18:13:33+00:00","og_image":[{"url":"https:\/\/mpcid.gov.gn\/wp-content\/uploads\/2025\/10\/discoursmin-1.jpg","type":"","width":"","height":""}],"twitter_card":"summary_large_image","twitter_site":"@MpciGov","twitter_misc":{"Dur\u00e9e de lecture estim\u00e9e":"1 minute"},"schema":{"@context":"https:\/\/schema.org","@graph":[{"@type":"WebPage","@id":"https:\/\/mpcid.gov.gn\/index.php\/tous-les-discours\/","url":"https:\/\/mpcid.gov.gn\/index.php\/tous-les-discours\/","name":"Tous Les Discours - MPCI","isPartOf":{"@id":"https:\/\/mpcid.gov.gn\/#website"},"primaryImageOfPage":{"@id":"https:\/\/mpcid.gov.gn\/index.php\/tous-les-discours\/#primaryimage"},"image":{"@id":"https:\/\/mpcid.gov.gn\/index.php\/tous-les-discours\/#primaryimage"},"thumbnailUrl":"https:\/\/mpcid.gov.gn\/wp-content\/uploads\/2025\/10\/discoursmin-1.jpg","datePublished":"2025-10-16T16:57:50+00:00","dateModified":"2025-10-16T18:13:33+00:00","breadcrumb":{"@id":"https:\/\/mpcid.gov.gn\/index.php\/tous-les-discours\/#breadcrumb"},"inLanguage":"fr-FR","potentialAction":[{"@type":"ReadAction","target":["https:\/\/mpcid.gov.gn\/index.php\/tous-les-discours\/"]}]},{"@type":"ImageObject","inLanguage":"fr-FR","@id":"https:\/\/mpcid.gov.gn\/index.php\/tous-les-discours\/#primaryimage","url":"https:\/\/mpcid.gov.gn\/wp-content\/uploads\/2025\/10\/discoursmin-1.jpg","contentUrl":"https:\/\/mpcid.gov.gn\/wp-content\/uploads\/2025\/10\/discoursmin-1.jpg","width":214,"height":300},{"@type":"BreadcrumbList","@id":"https:\/\/mpcid.gov.gn\/index.php\/tous-les-discours\/#breadcrumb","itemListElement":[{"@type":"ListItem","position":1,"name":"Accueil","item":"https:\/\/mpcid.gov.gn\/"},{"@type":"ListItem","position":2,"name":"Tous Les Discours"}]},{"@type":"WebSite","@id":"https:\/\/mpcid.gov.gn\/#website","url":"https:\/\/mpcid.gov.gn\/","name":"https:\/\/mpcid.gov.gn\/","description":"Minist\u00e8re du Plan et de la Coop\u00e9ration Internationale","publisher":{"@id":"https:\/\/mpcid.gov.gn\/#organization"},"potentialAction":[{"@type":"SearchAction","target":{"@type":"EntryPoint","urlTemplate":"https:\/\/mpcid.gov.gn\/?s={search_term_string}"},"query-input":{"@type":"PropertyValueSpecification","valueRequired":true,"valueName":"search_term_string"}}],"inLanguage":"fr-FR"},{"@type":"Organization","@id":"https:\/\/mpcid.gov.gn\/#organization","name":"Minist\u00e8re du Plan et de la Coop\u00e9ration Internationale - MPCI","url":"https:\/\/mpcid.gov.gn\/","logo":{"@type":"ImageObject","inLanguage":"fr-FR","@id":"https:\/\/mpcid.gov.gn\/#\/schema\/logo\/image\/","url":"https:\/\/mpcid.gov.gn\/wp-content\/uploads\/2023\/10\/Ministere-du-Plan-et-de-la-Cooperation-Internationale-MPCI.jpg","contentUrl":"https:\/\/mpcid.gov.gn\/wp-content\/uploads\/2023\/10\/Ministere-du-Plan-et-de-la-Cooperation-Internationale-MPCI.jpg","width":462,"height":462,"caption":"Minist\u00e8re du Plan et de la Coop\u00e9ration Internationale - MPCI"},"image":{"@id":"https:\/\/mpcid.gov.gn\/#\/schema\/logo\/image\/"},"sameAs":["https:\/\/www.facebook.com\/MPCIGN","https:\/\/x.com\/MpciGov"]}]}},"_links":{"self":[{"href":"https:\/\/mpcid.gov.gn\/index.php\/wp-json\/wp\/v2\/pages\/17174","targetHints":{"allow":["GET"]}}],"collection":[{"href":"https:\/\/mpcid.gov.gn\/index.php\/wp-json\/wp\/v2\/pages"}],"about":[{"href":"https:\/\/mpcid.gov.gn\/index.php\/wp-json\/wp\/v2\/types\/page"}],"author":[{"embeddable":true,"href":"https:\/\/mpcid.gov.gn\/index.php\/wp-json\/wp\/v2\/users\/6"}],"replies":[{"embeddable":true,"href":"https:\/\/mpcid.gov.gn\/index.php\/wp-json\/wp\/v2\/comments?post=17174"}],"version-history":[{"count":0,"href":"https:\/\/mpcid.gov.gn\/index.php\/wp-json\/wp\/v2\/pages\/17174\/revisions"}],"wp:attachment":[{"href":"https:\/\/mpcid.gov.gn\/index.php\/wp-json\/wp\/v2\/media?parent=17174"}],"curies":[{"name":"wp","href":"https:\/\/api.w.org\/{rel}","templated":true}]}}