{"id":10179,"date":"2023-06-15T13:24:24","date_gmt":"2023-06-15T13:24:24","guid":{"rendered":"https:\/\/mpci.gov.gn\/home-copy\/"},"modified":"2023-06-15T13:53:33","modified_gmt":"2023-06-15T13:53:33","slug":"ministere-en-chiffres","status":"publish","type":"page","link":"https:\/\/mpcid.gov.gn\/index.php\/ministere-en-chiffres\/","title":{"rendered":"Minist\u00e8re en chiffres"},"content":{"rendered":"\t\t<div data-elementor-type=\"wp-page\" data-elementor-id=\"10179\" class=\"elementor elementor-10179\" data-elementor-post-type=\"page\">\n\t\t\t\t\t\t<section class=\"elementor-section elementor-top-section elementor-element elementor-element-adabb8a elementor-section-stretched elementor-section-full_width elementor-section-height-default elementor-section-height-default\" data-id=\"adabb8a\" data-element_type=\"section\" data-e-type=\"section\" data-settings=\"{&quot;stretch_section&quot;:&quot;section-stretched&quot;}\">\n\t\t\t\t\t\t<div class=\"elementor-container elementor-column-gap-default\">\n\t\t\t\t\t<div class=\"elementor-column elementor-col-100 elementor-top-column elementor-element elementor-element-2b7a05d\" data-id=\"2b7a05d\" data-element_type=\"column\" data-e-type=\"column\">\n\t\t\t<div class=\"elementor-widget-wrap\">\n\t\t\t\t\t\t\t<\/div>\n\t\t<\/div>\n\t\t\t\t\t<\/div>\n\t\t<\/section>\n\t\t\t\t<section class=\"elementor-section elementor-top-section elementor-element elementor-element-1224ef3 elementor-section-boxed elementor-section-height-default elementor-section-height-default\" data-id=\"1224ef3\" data-element_type=\"section\" data-e-type=\"section\" data-settings=\"{&quot;background_background&quot;:&quot;classic&quot;}\">\n\t\t\t\t\t\t<div class=\"elementor-container elementor-column-gap-default\">\n\t\t\t\t\t<div class=\"elementor-column elementor-col-100 elementor-top-column elementor-element elementor-element-027d70e\" data-id=\"027d70e\" data-element_type=\"column\" data-e-type=\"column\">\n\t\t\t<div class=\"elementor-widget-wrap elementor-element-populated\">\n\t\t\t\t\t\t<div class=\"elementor-element elementor-element-3d04943 elementor-widget elementor-widget-spacer\" data-id=\"3d04943\" data-element_type=\"widget\" data-e-type=\"widget\" data-widget_type=\"spacer.default\">\n\t\t\t\t<div class=\"elementor-widget-container\">\n\t\t\t\t\t\t\t<div class=\"elementor-spacer\">\n\t\t\t<div class=\"elementor-spacer-inner\"><\/div>\n\t\t<\/div>\n\t\t\t\t\t\t<\/div>\n\t\t\t\t<\/div>\n\t\t\t\t<div class=\"elementor-element elementor-element-8a3e262 elementor-widget elementor-widget-heading\" data-id=\"8a3e262\" data-element_type=\"widget\" data-e-type=\"widget\" data-widget_type=\"heading.default\">\n\t\t\t\t<div class=\"elementor-widget-container\">\n\t\t\t\t\t<h1 class=\"elementor-heading-title elementor-size-default\">LE MINISTERE EN CHIFFRES<\/h1>\t\t\t\t<\/div>\n\t\t\t\t<\/div>\n\t\t\t\t<div class=\"elementor-element elementor-element-096d7ac elementor-widget elementor-widget-text-editor\" data-id=\"096d7ac\" data-element_type=\"widget\" data-e-type=\"widget\" data-widget_type=\"text-editor.default\">\n\t\t\t\t<div class=\"elementor-widget-container\">\n\t\t\t\t\t\t\t\t\t<p>Retrouvez quelques chiffres du\u00a0 MPCI<\/p>\t\t\t\t\t\t\t\t<\/div>\n\t\t\t\t<\/div>\n\t\t\t\t<section class=\"elementor-section elementor-inner-section elementor-element elementor-element-1f8b663 elementor-section-boxed elementor-section-height-default elementor-section-height-default\" data-id=\"1f8b663\" data-element_type=\"section\" data-e-type=\"section\">\n\t\t\t\t\t\t<div class=\"elementor-container elementor-column-gap-default\">\n\t\t\t\t\t<div class=\"elementor-column elementor-col-25 elementor-inner-column elementor-element elementor-element-4bdce1d\" data-id=\"4bdce1d\" data-element_type=\"column\" data-e-type=\"column\">\n\t\t\t<div class=\"elementor-widget-wrap elementor-element-populated\">\n\t\t\t\t\t\t<div class=\"elementor-element elementor-element-b4a0000 elementor-view-default elementor-widget elementor-widget-icon\" data-id=\"b4a0000\" data-element_type=\"widget\" data-e-type=\"widget\" data-widget_type=\"icon.default\">\n\t\t\t\t<div class=\"elementor-widget-container\">\n\t\t\t\t\t\t\t<div class=\"elementor-icon-wrapper\">\n\t\t\t<div class=\"elementor-icon\">\n\t\t\t<svg aria-hidden=\"true\" class=\"e-font-icon-svg e-far-handshake\" viewBox=\"0 0 640 512\" xmlns=\"http:\/\/www.w3.org\/2000\/svg\"><path d=\"M519.2 127.9l-47.6-47.6A56.252 56.252 0 0 0 432 64H205.2c-14.8 0-29.1 5.9-39.6 16.3L118 127.9H0v255.7h64c17.6 0 31.8-14.2 31.9-31.7h9.1l84.6 76.4c30.9 25.1 73.8 25.7 105.6 3.8 12.5 10.8 26 15.9 41.1 15.9 18.2 0 35.3-7.4 48.8-24 22.1 8.7 48.2 2.6 64-16.8l26.2-32.3c5.6-6.9 9.1-14.8 10.9-23h57.9c.1 17.5 14.4 31.7 31.9 31.7h64V127.9H519.2zM48 351.6c-8.8 0-16-7.2-16-16s7.2-16 16-16 16 7.2 16 16c0 8.9-7.2 16-16 16zm390-6.9l-26.1 32.2c-2.8 3.4-7.8 4-11.3 1.2l-23.9-19.4-30 36.5c-6 7.3-15 4.8-18 2.4l-36.8-31.5-15.6 19.2c-13.9 17.1-39.2 19.7-55.3 6.6l-97.3-88H96V175.8h41.9l61.7-61.6c2-.8 3.7-1.5 5.7-2.3H262l-38.7 35.5c-29.4 26.9-31.1 72.3-4.4 101.3 14.8 16.2 61.2 41.2 101.5 4.4l8.2-7.5 108.2 87.8c3.4 2.8 3.9 7.9 1.2 11.3zm106-40.8h-69.2c-2.3-2.8-4.9-5.4-7.7-7.7l-102.7-83.4 12.5-11.4c6.5-6 7-16.1 1-22.6L367 167.1c-6-6.5-16.1-6.9-22.6-1l-55.2 50.6c-9.5 8.7-25.7 9.4-34.6 0-9.3-9.9-8.5-25.1 1.2-33.9l65.6-60.1c7.4-6.8 17-10.5 27-10.5l83.7-.2c2.1 0 4.1.8 5.5 2.3l61.7 61.6H544v128zm48 47.7c-8.8 0-16-7.2-16-16s7.2-16 16-16 16 7.2 16 16c0 8.9-7.2 16-16 16z\"><\/path><\/svg>\t\t\t<\/div>\n\t\t<\/div>\n\t\t\t\t\t\t<\/div>\n\t\t\t\t<\/div>\n\t\t\t\t<div class=\"elementor-element elementor-element-e55721e elementor-widget elementor-widget-counter\" data-id=\"e55721e\" data-element_type=\"widget\" data-e-type=\"widget\" data-widget_type=\"counter.default\">\n\t\t\t\t<div class=\"elementor-widget-container\">\n\t\t\t\t\t\t\t<div class=\"elementor-counter\">\n\t\t\t<div class=\"elementor-counter-title\">Programme de R\u00e9f\u00e9rence Int\u00e9rimaire<\/div>\t\t\t<div class=\"elementor-counter-number-wrapper\">\n\t\t\t\t<span class=\"elementor-counter-number-prefix\"><\/span>\n\t\t\t\t<span class=\"elementor-counter-number\" data-duration=\"2000\" data-to-value=\"108000000000000\" data-from-value=\"0\" data-delimiter=\",\">0<\/span>\n\t\t\t\t<span class=\"elementor-counter-number-suffix\">GNF<\/span>\n\t\t\t<\/div>\n\t\t<\/div>\n\t\t\t\t\t\t<\/div>\n\t\t\t\t<\/div>\n\t\t\t\t\t<\/div>\n\t\t<\/div>\n\t\t\t\t<div class=\"elementor-column elementor-col-25 elementor-inner-column elementor-element elementor-element-d4db304\" data-id=\"d4db304\" data-element_type=\"column\" data-e-type=\"column\">\n\t\t\t<div class=\"elementor-widget-wrap elementor-element-populated\">\n\t\t\t\t\t\t<div class=\"elementor-element elementor-element-d16adb8 elementor-view-default elementor-widget elementor-widget-icon\" data-id=\"d16adb8\" data-element_type=\"widget\" data-e-type=\"widget\" data-widget_type=\"icon.default\">\n\t\t\t\t<div class=\"elementor-widget-container\">\n\t\t\t\t\t\t\t<div class=\"elementor-icon-wrapper\">\n\t\t\t<div class=\"elementor-icon\">\n\t\t\t<i aria-hidden=\"true\" class=\"xlio ion-ios-people\"><\/i>\t\t\t<\/div>\n\t\t<\/div>\n\t\t\t\t\t\t<\/div>\n\t\t\t\t<\/div>\n\t\t\t\t<div class=\"elementor-element elementor-element-d11aa96 elementor-widget elementor-widget-counter\" data-id=\"d11aa96\" data-element_type=\"widget\" data-e-type=\"widget\" data-widget_type=\"counter.default\">\n\t\t\t\t<div class=\"elementor-widget-container\">\n\t\t\t\t\t\t\t<div class=\"elementor-counter\">\n\t\t\t<div class=\"elementor-counter-title\">RGPH-4 <\/div>\t\t\t<div class=\"elementor-counter-number-wrapper\">\n\t\t\t\t<span class=\"elementor-counter-number-prefix\"><\/span>\n\t\t\t\t<span class=\"elementor-counter-number\" data-duration=\"2000\" data-to-value=\"330400000000\" data-from-value=\"0\" data-delimiter=\",\">0<\/span>\n\t\t\t\t<span class=\"elementor-counter-number-suffix\">GNF<\/span>\n\t\t\t<\/div>\n\t\t<\/div>\n\t\t\t\t\t\t<\/div>\n\t\t\t\t<\/div>\n\t\t\t\t\t<\/div>\n\t\t<\/div>\n\t\t\t\t<div class=\"elementor-column elementor-col-25 elementor-inner-column elementor-element elementor-element-19e752b\" data-id=\"19e752b\" data-element_type=\"column\" data-e-type=\"column\">\n\t\t\t<div class=\"elementor-widget-wrap elementor-element-populated\">\n\t\t\t\t\t\t<div class=\"elementor-element elementor-element-7647d2e elementor-view-default elementor-widget elementor-widget-icon\" data-id=\"7647d2e\" data-element_type=\"widget\" data-e-type=\"widget\" data-widget_type=\"icon.default\">\n\t\t\t\t<div class=\"elementor-widget-container\">\n\t\t\t\t\t\t\t<div class=\"elementor-icon-wrapper\">\n\t\t\t<div class=\"elementor-icon\">\n\t\t\t<i aria-hidden=\"true\" class=\"xlwpf wppb-font-map\"><\/i>\t\t\t<\/div>\n\t\t<\/div>\n\t\t\t\t\t\t<\/div>\n\t\t\t\t<\/div>\n\t\t\t\t<div class=\"elementor-element elementor-element-eae11ec elementor-widget elementor-widget-counter\" data-id=\"eae11ec\" data-element_type=\"widget\" data-e-type=\"widget\" data-widget_type=\"counter.default\">\n\t\t\t\t<div class=\"elementor-widget-container\">\n\t\t\t\t\t\t\t<div class=\"elementor-counter\">\n\t\t\t<div class=\"elementor-counter-title\">Superficie <\/div>\t\t\t<div class=\"elementor-counter-number-wrapper\">\n\t\t\t\t<span class=\"elementor-counter-number-prefix\"><\/span>\n\t\t\t\t<span class=\"elementor-counter-number\" data-duration=\"2000\" data-to-value=\"245857\" data-from-value=\"0\" data-delimiter=\",\">0<\/span>\n\t\t\t\t<span class=\"elementor-counter-number-suffix\"> Km\u00b2<\/span>\n\t\t\t<\/div>\n\t\t<\/div>\n\t\t\t\t\t\t<\/div>\n\t\t\t\t<\/div>\n\t\t\t\t\t<\/div>\n\t\t<\/div>\n\t\t\t\t<div class=\"elementor-column elementor-col-25 elementor-inner-column elementor-element elementor-element-62fce62\" data-id=\"62fce62\" data-element_type=\"column\" data-e-type=\"column\">\n\t\t\t<div class=\"elementor-widget-wrap elementor-element-populated\">\n\t\t\t\t\t\t<div class=\"elementor-element elementor-element-62f5cb6 elementor-view-default elementor-widget elementor-widget-icon\" data-id=\"62f5cb6\" data-element_type=\"widget\" data-e-type=\"widget\" data-widget_type=\"icon.default\">\n\t\t\t\t<div class=\"elementor-widget-container\">\n\t\t\t\t\t\t\t<div class=\"elementor-icon-wrapper\">\n\t\t\t<div class=\"elementor-icon\">\n\t\t\t<svg aria-hidden=\"true\" class=\"e-font-icon-svg e-fas-globe-africa\" viewBox=\"0 0 496 512\" xmlns=\"http:\/\/www.w3.org\/2000\/svg\"><path d=\"M248 8C111.03 8 0 119.03 0 256s111.03 248 248 248 248-111.03 248-248S384.97 8 248 8zm160 215.5v6.93c0 5.87-3.32 11.24-8.57 13.86l-15.39 7.7a15.485 15.485 0 0 1-15.53-.97l-18.21-12.14a15.52 15.52 0 0 0-13.5-1.81l-2.65.88c-9.7 3.23-13.66 14.79-7.99 23.3l13.24 19.86c2.87 4.31 7.71 6.9 12.89 6.9h8.21c8.56 0 15.5 6.94 15.5 15.5v11.34c0 3.35-1.09 6.62-3.1 9.3l-18.74 24.98c-1.42 1.9-2.39 4.1-2.83 6.43l-4.3 22.83c-.62 3.29-2.29 6.29-4.76 8.56a159.608 159.608 0 0 0-25 29.16l-13.03 19.55a27.756 27.756 0 0 1-23.09 12.36c-10.51 0-20.12-5.94-24.82-15.34a78.902 78.902 0 0 1-8.33-35.29V367.5c0-8.56-6.94-15.5-15.5-15.5h-25.88c-14.49 0-28.38-5.76-38.63-16a54.659 54.659 0 0 1-16-38.63v-14.06c0-17.19 8.1-33.38 21.85-43.7l27.58-20.69a54.663 54.663 0 0 1 32.78-10.93h.89c8.48 0 16.85 1.97 24.43 5.77l14.72 7.36c3.68 1.84 7.93 2.14 11.83.84l47.31-15.77c6.33-2.11 10.6-8.03 10.6-14.7 0-8.56-6.94-15.5-15.5-15.5h-10.09c-4.11 0-8.05-1.63-10.96-4.54l-6.92-6.92a15.493 15.493 0 0 0-10.96-4.54H199.5c-8.56 0-15.5-6.94-15.5-15.5v-4.4c0-7.11 4.84-13.31 11.74-15.04l14.45-3.61c3.74-.94 7-3.23 9.14-6.44l8.08-12.11c2.87-4.31 7.71-6.9 12.89-6.9h24.21c8.56 0 15.5-6.94 15.5-15.5v-21.7C359.23 71.63 422.86 131.02 441.93 208H423.5c-8.56 0-15.5 6.94-15.5 15.5z\"><\/path><\/svg>\t\t\t<\/div>\n\t\t<\/div>\n\t\t\t\t\t\t<\/div>\n\t\t\t\t<\/div>\n\t\t\t\t<div class=\"elementor-element elementor-element-441c635 elementor-widget elementor-widget-counter\" data-id=\"441c635\" data-element_type=\"widget\" data-e-type=\"widget\" data-widget_type=\"counter.default\">\n\t\t\t\t<div class=\"elementor-widget-container\">\n\t\t\t\t\t\t\t<div class=\"elementor-counter\">\n\t\t\t<div class=\"elementor-counter-title\">Populations (2021)<\/div>\t\t\t<div class=\"elementor-counter-number-wrapper\">\n\t\t\t\t<span class=\"elementor-counter-number-prefix\"><\/span>\n\t\t\t\t<span class=\"elementor-counter-number\" data-duration=\"2000\" data-to-value=\"14000000\" data-from-value=\"0\" data-delimiter=\",\">0<\/span>\n\t\t\t\t<span class=\"elementor-counter-number-suffix\"> hbts<\/span>\n\t\t\t<\/div>\n\t\t<\/div>\n\t\t\t\t\t\t<\/div>\n\t\t\t\t<\/div>\n\t\t\t\t\t<\/div>\n\t\t<\/div>\n\t\t\t\t\t<\/div>\n\t\t<\/section>\n\t\t\t\t<div class=\"elementor-element elementor-element-7b5bc46 elementor-widget elementor-widget-spacer\" data-id=\"7b5bc46\" data-element_type=\"widget\" data-e-type=\"widget\" data-widget_type=\"spacer.default\">\n\t\t\t\t<div class=\"elementor-widget-container\">\n\t\t\t\t\t\t\t<div class=\"elementor-spacer\">\n\t\t\t<div class=\"elementor-spacer-inner\"><\/div>\n\t\t<\/div>\n\t\t\t\t\t\t<\/div>\n\t\t\t\t<\/div>\n\t\t\t\t\t<\/div>\n\t\t<\/div>\n\t\t\t\t\t<\/div>\n\t\t<\/section>\n\t\t\t\t<section class=\"elementor-section elementor-top-section elementor-element elementor-element-5d49fee elementor-section-boxed elementor-section-height-default elementor-section-height-default\" data-id=\"5d49fee\" data-element_type=\"section\" data-e-type=\"section\">\n\t\t\t\t\t\t<div class=\"elementor-container elementor-column-gap-default\">\n\t\t\t\t\t<div class=\"elementor-column elementor-col-100 elementor-top-column elementor-element elementor-element-c4ad89d\" data-id=\"c4ad89d\" data-element_type=\"column\" data-e-type=\"column\">\n\t\t\t<div class=\"elementor-widget-wrap elementor-element-populated\">\n\t\t\t\t\t\t<div class=\"elementor-element elementor-element-37c070b elementor-widget elementor-widget-spacer\" data-id=\"37c070b\" data-element_type=\"widget\" data-e-type=\"widget\" data-widget_type=\"spacer.default\">\n\t\t\t\t<div class=\"elementor-widget-container\">\n\t\t\t\t\t\t\t<div class=\"elementor-spacer\">\n\t\t\t<div class=\"elementor-spacer-inner\"><\/div>\n\t\t<\/div>\n\t\t\t\t\t\t<\/div>\n\t\t\t\t<\/div>\n\t\t\t\t\t<\/div>\n\t\t<\/div>\n\t\t\t\t\t<\/div>\n\t\t<\/section>\n\t\t\t\t<\/div>\n\t\t","protected":false},"excerpt":{"rendered":"<p>LE MINISTERE EN CHIFFRES Retrouvez quelques chiffres du\u00a0 MPCI 0 GNF Programme de R\u00e9f\u00e9rence Int\u00e9rimaire 0 GNF RGPH-4 0 Km\u00b2 Superficie 0 hbts Populations (2021)<\/p>\n","protected":false},"author":6,"featured_media":0,"parent":0,"menu_order":0,"comment_status":"closed","ping_status":"closed","template":"elementor_header_footer","meta":{"footnotes":""},"class_list":["post-10179","page","type-page","status-publish","hentry"],"yoast_head":"<!-- This site is optimized with the Yoast SEO plugin v27.4 - https:\/\/yoast.com\/product\/yoast-seo-wordpress\/ -->\n<title>Minist\u00e8re en chiffres - MPCI<\/title>\n<meta name=\"robots\" content=\"index, follow, max-snippet:-1, max-image-preview:large, max-video-preview:-1\" \/>\n<link rel=\"canonical\" href=\"https:\/\/mpcid.gov.gn\/index.php\/ministere-en-chiffres\/\" \/>\n<meta property=\"og:locale\" content=\"fr_FR\" \/>\n<meta property=\"og:type\" content=\"article\" \/>\n<meta property=\"og:title\" content=\"Minist\u00e8re en chiffres - MPCI\" \/>\n<meta property=\"og:description\" content=\"LE MINISTERE EN CHIFFRES Retrouvez quelques chiffres du\u00a0 MPCI 0 GNF Programme de R\u00e9f\u00e9rence Int\u00e9rimaire 0 GNF RGPH-4 0 Km\u00b2 Superficie 0 hbts Populations (2021)\" \/>\n<meta property=\"og:url\" content=\"https:\/\/mpcid.gov.gn\/index.php\/ministere-en-chiffres\/\" \/>\n<meta property=\"og:site_name\" content=\"MPCI\" \/>\n<meta property=\"article:publisher\" content=\"https:\/\/www.facebook.com\/MPCIGN\" \/>\n<meta property=\"article:modified_time\" content=\"2023-06-15T13:53:33+00:00\" \/>\n<meta name=\"twitter:card\" content=\"summary_large_image\" \/>\n<meta name=\"twitter:site\" content=\"@MpciGov\" \/>\n<script type=\"application\/ld+json\" class=\"yoast-schema-graph\">{\"@context\":\"https:\\\/\\\/schema.org\",\"@graph\":[{\"@type\":\"WebPage\",\"@id\":\"https:\\\/\\\/mpcid.gov.gn\\\/index.php\\\/ministere-en-chiffres\\\/\",\"url\":\"https:\\\/\\\/mpcid.gov.gn\\\/index.php\\\/ministere-en-chiffres\\\/\",\"name\":\"Minist\u00e8re en chiffres - MPCI\",\"isPartOf\":{\"@id\":\"https:\\\/\\\/mpcid.gov.gn\\\/#website\"},\"datePublished\":\"2023-06-15T13:24:24+00:00\",\"dateModified\":\"2023-06-15T13:53:33+00:00\",\"breadcrumb\":{\"@id\":\"https:\\\/\\\/mpcid.gov.gn\\\/index.php\\\/ministere-en-chiffres\\\/#breadcrumb\"},\"inLanguage\":\"fr-FR\",\"potentialAction\":[{\"@type\":\"ReadAction\",\"target\":[\"https:\\\/\\\/mpcid.gov.gn\\\/index.php\\\/ministere-en-chiffres\\\/\"]}]},{\"@type\":\"BreadcrumbList\",\"@id\":\"https:\\\/\\\/mpcid.gov.gn\\\/index.php\\\/ministere-en-chiffres\\\/#breadcrumb\",\"itemListElement\":[{\"@type\":\"ListItem\",\"position\":1,\"name\":\"Accueil\",\"item\":\"https:\\\/\\\/mpcid.gov.gn\\\/\"},{\"@type\":\"ListItem\",\"position\":2,\"name\":\"Minist\u00e8re en chiffres\"}]},{\"@type\":\"WebSite\",\"@id\":\"https:\\\/\\\/mpcid.gov.gn\\\/#website\",\"url\":\"https:\\\/\\\/mpcid.gov.gn\\\/\",\"name\":\"https:\\\/\\\/mpcid.gov.gn\\\/\",\"description\":\"Minist\u00e8re du Plan et de la Coop\u00e9ration Internationale\",\"publisher\":{\"@id\":\"https:\\\/\\\/mpcid.gov.gn\\\/#organization\"},\"potentialAction\":[{\"@type\":\"SearchAction\",\"target\":{\"@type\":\"EntryPoint\",\"urlTemplate\":\"https:\\\/\\\/mpcid.gov.gn\\\/?s={search_term_string}\"},\"query-input\":{\"@type\":\"PropertyValueSpecification\",\"valueRequired\":true,\"valueName\":\"search_term_string\"}}],\"inLanguage\":\"fr-FR\"},{\"@type\":\"Organization\",\"@id\":\"https:\\\/\\\/mpcid.gov.gn\\\/#organization\",\"name\":\"Minist\u00e8re du Plan et de la Coop\u00e9ration Internationale - MPCI\",\"url\":\"https:\\\/\\\/mpcid.gov.gn\\\/\",\"logo\":{\"@type\":\"ImageObject\",\"inLanguage\":\"fr-FR\",\"@id\":\"https:\\\/\\\/mpcid.gov.gn\\\/#\\\/schema\\\/logo\\\/image\\\/\",\"url\":\"https:\\\/\\\/mpcid.gov.gn\\\/wp-content\\\/uploads\\\/2023\\\/10\\\/Ministere-du-Plan-et-de-la-Cooperation-Internationale-MPCI.jpg\",\"contentUrl\":\"https:\\\/\\\/mpcid.gov.gn\\\/wp-content\\\/uploads\\\/2023\\\/10\\\/Ministere-du-Plan-et-de-la-Cooperation-Internationale-MPCI.jpg\",\"width\":462,\"height\":462,\"caption\":\"Minist\u00e8re du Plan et de la Coop\u00e9ration Internationale - MPCI\"},\"image\":{\"@id\":\"https:\\\/\\\/mpcid.gov.gn\\\/#\\\/schema\\\/logo\\\/image\\\/\"},\"sameAs\":[\"https:\\\/\\\/www.facebook.com\\\/MPCIGN\",\"https:\\\/\\\/x.com\\\/MpciGov\"]}]}<\/script>\n<!-- \/ Yoast SEO plugin. -->","yoast_head_json":{"title":"Minist\u00e8re en chiffres - MPCI","robots":{"index":"index","follow":"follow","max-snippet":"max-snippet:-1","max-image-preview":"max-image-preview:large","max-video-preview":"max-video-preview:-1"},"canonical":"https:\/\/mpcid.gov.gn\/index.php\/ministere-en-chiffres\/","og_locale":"fr_FR","og_type":"article","og_title":"Minist\u00e8re en chiffres - MPCI","og_description":"LE MINISTERE EN CHIFFRES Retrouvez quelques chiffres du\u00a0 MPCI 0 GNF Programme de R\u00e9f\u00e9rence Int\u00e9rimaire 0 GNF RGPH-4 0 Km\u00b2 Superficie 0 hbts Populations (2021)","og_url":"https:\/\/mpcid.gov.gn\/index.php\/ministere-en-chiffres\/","og_site_name":"MPCI","article_publisher":"https:\/\/www.facebook.com\/MPCIGN","article_modified_time":"2023-06-15T13:53:33+00:00","twitter_card":"summary_large_image","twitter_site":"@MpciGov","schema":{"@context":"https:\/\/schema.org","@graph":[{"@type":"WebPage","@id":"https:\/\/mpcid.gov.gn\/index.php\/ministere-en-chiffres\/","url":"https:\/\/mpcid.gov.gn\/index.php\/ministere-en-chiffres\/","name":"Minist\u00e8re en chiffres - MPCI","isPartOf":{"@id":"https:\/\/mpcid.gov.gn\/#website"},"datePublished":"2023-06-15T13:24:24+00:00","dateModified":"2023-06-15T13:53:33+00:00","breadcrumb":{"@id":"https:\/\/mpcid.gov.gn\/index.php\/ministere-en-chiffres\/#breadcrumb"},"inLanguage":"fr-FR","potentialAction":[{"@type":"ReadAction","target":["https:\/\/mpcid.gov.gn\/index.php\/ministere-en-chiffres\/"]}]},{"@type":"BreadcrumbList","@id":"https:\/\/mpcid.gov.gn\/index.php\/ministere-en-chiffres\/#breadcrumb","itemListElement":[{"@type":"ListItem","position":1,"name":"Accueil","item":"https:\/\/mpcid.gov.gn\/"},{"@type":"ListItem","position":2,"name":"Minist\u00e8re en chiffres"}]},{"@type":"WebSite","@id":"https:\/\/mpcid.gov.gn\/#website","url":"https:\/\/mpcid.gov.gn\/","name":"https:\/\/mpcid.gov.gn\/","description":"Minist\u00e8re du Plan et de la Coop\u00e9ration Internationale","publisher":{"@id":"https:\/\/mpcid.gov.gn\/#organization"},"potentialAction":[{"@type":"SearchAction","target":{"@type":"EntryPoint","urlTemplate":"https:\/\/mpcid.gov.gn\/?s={search_term_string}"},"query-input":{"@type":"PropertyValueSpecification","valueRequired":true,"valueName":"search_term_string"}}],"inLanguage":"fr-FR"},{"@type":"Organization","@id":"https:\/\/mpcid.gov.gn\/#organization","name":"Minist\u00e8re du Plan et de la Coop\u00e9ration Internationale - MPCI","url":"https:\/\/mpcid.gov.gn\/","logo":{"@type":"ImageObject","inLanguage":"fr-FR","@id":"https:\/\/mpcid.gov.gn\/#\/schema\/logo\/image\/","url":"https:\/\/mpcid.gov.gn\/wp-content\/uploads\/2023\/10\/Ministere-du-Plan-et-de-la-Cooperation-Internationale-MPCI.jpg","contentUrl":"https:\/\/mpcid.gov.gn\/wp-content\/uploads\/2023\/10\/Ministere-du-Plan-et-de-la-Cooperation-Internationale-MPCI.jpg","width":462,"height":462,"caption":"Minist\u00e8re du Plan et de la Coop\u00e9ration Internationale - MPCI"},"image":{"@id":"https:\/\/mpcid.gov.gn\/#\/schema\/logo\/image\/"},"sameAs":["https:\/\/www.facebook.com\/MPCIGN","https:\/\/x.com\/MpciGov"]}]}},"_links":{"self":[{"href":"https:\/\/mpcid.gov.gn\/index.php\/wp-json\/wp\/v2\/pages\/10179","targetHints":{"allow":["GET"]}}],"collection":[{"href":"https:\/\/mpcid.gov.gn\/index.php\/wp-json\/wp\/v2\/pages"}],"about":[{"href":"https:\/\/mpcid.gov.gn\/index.php\/wp-json\/wp\/v2\/types\/page"}],"author":[{"embeddable":true,"href":"https:\/\/mpcid.gov.gn\/index.php\/wp-json\/wp\/v2\/users\/6"}],"replies":[{"embeddable":true,"href":"https:\/\/mpcid.gov.gn\/index.php\/wp-json\/wp\/v2\/comments?post=10179"}],"version-history":[{"count":0,"href":"https:\/\/mpcid.gov.gn\/index.php\/wp-json\/wp\/v2\/pages\/10179\/revisions"}],"wp:attachment":[{"href":"https:\/\/mpcid.gov.gn\/index.php\/wp-json\/wp\/v2\/media?parent=10179"}],"curies":[{"name":"wp","href":"https:\/\/api.w.org\/{rel}","templated":true}]}}